{"id":2702,"date":"2023-03-07T12:48:21","date_gmt":"2023-03-07T11:48:21","guid":{"rendered":"https:\/\/www.alide-interpretes.com\/rates\/"},"modified":"2023-06-23T12:19:38","modified_gmt":"2023-06-23T10:19:38","slug":"tarifas","status":"publish","type":"page","link":"https:\/\/www.alide-interpretes.com\/en\/tarifas\/","title":{"rendered":"Rates"},"content":{"rendered":"\t\t<div data-elementor-type=\"wp-page\" data-elementor-id=\"2702\" class=\"elementor elementor-2702 elementor-1707\" data-elementor-post-type=\"page\">\n\t\t\t\t\t\t<section class=\"elementor-section elementor-top-section elementor-element elementor-element-910024f elementor-section-height-min-height elementor-section-boxed elementor-section-height-default elementor-section-items-middle\" data-id=\"910024f\" data-element_type=\"section\" data-e-type=\"section\" data-settings=\"{&quot;background_background&quot;:&quot;classic&quot;}\">\n\t\t\t\t\t\t<div class=\"elementor-container elementor-column-gap-default\">\n\t\t\t\t\t<div class=\"elementor-column elementor-col-50 elementor-top-column elementor-element elementor-element-627bb67\" data-id=\"627bb67\" data-element_type=\"column\" data-e-type=\"column\">\n\t\t\t<div class=\"elementor-widget-wrap elementor-element-populated\">\n\t\t\t\t\t\t<div class=\"elementor-element elementor-element-31237f8 elementor-widget elementor-widget-heading\" data-id=\"31237f8\" data-element_type=\"widget\" data-e-type=\"widget\" data-widget_type=\"heading.default\">\n\t\t\t\t<div class=\"elementor-widget-container\">\n\t\t\t\t\t<h1 class=\"elementor-heading-title elementor-size-default\">Rates<\/h1>\t\t\t\t<\/div>\n\t\t\t\t<\/div>\n\t\t\t\t\t<\/div>\n\t\t<\/div>\n\t\t\t\t<div class=\"elementor-column elementor-col-50 elementor-top-column elementor-element elementor-element-54a34e0\" data-id=\"54a34e0\" data-element_type=\"column\" data-e-type=\"column\">\n\t\t\t<div class=\"elementor-widget-wrap\">\n\t\t\t\t\t\t\t<\/div>\n\t\t<\/div>\n\t\t\t\t\t<\/div>\n\t\t<\/section>\n\t\t\t\t<section class=\"elementor-section elementor-top-section elementor-element elementor-element-bece3dd elementor-section-boxed elementor-section-height-default elementor-section-height-default\" data-id=\"bece3dd\" data-element_type=\"section\" data-e-type=\"section\" data-settings=\"{&quot;background_background&quot;:&quot;classic&quot;}\">\n\t\t\t\t\t\t<div class=\"elementor-container elementor-column-gap-default\">\n\t\t\t\t\t<div class=\"elementor-column elementor-col-100 elementor-top-column elementor-element elementor-element-1c38496\" data-id=\"1c38496\" data-element_type=\"column\" data-e-type=\"column\">\n\t\t\t<div class=\"elementor-widget-wrap elementor-element-populated\">\n\t\t\t\t\t\t<div class=\"elementor-element elementor-element-a9929b8 elementor-widget elementor-widget-price-list\" data-id=\"a9929b8\" data-element_type=\"widget\" data-e-type=\"widget\" data-widget_type=\"price-list.default\">\n\t\t\t\t<div class=\"elementor-widget-container\">\n\t\t\t\t\t\n\t\t<ul class=\"elementor-price-list\">\n\n\t\t\t\t\t\t\t\t\t<li><a class=\"elementor-price-list-item\" href=\"#\">\t\t\t\t\n\t\t\t\t<div class=\"elementor-price-list-text\">\n\t\t\t\t\t\t\t\t\t<div class=\"elementor-price-list-header\">\n\t\t\t\t\t\t\t\t\t\t\t<span class=\"elementor-price-list-title\">\n\t\t\t\t\t\t\tPrice per word\t\t\t\t\t\t<\/span>\n\t\t\t\t\t\t\t\t\t\t\t\t\t\t\t\t\t\t<span class=\"elementor-price-list-separator\"><\/span>\n\t\t\t\t\t\t\t\t\t\t\t\t\t\t\t\t\t\t\t<span class=\"elementor-price-list-price\">0,07 \u20ac<\/span>\n\t\t\t\t\t\t\t\t\t\t<\/div>\n\t\t\t\t\t\t\t\t\t\t\t\t<\/div>\n\t\t\t\t<\/a><\/li>\t\t\t\t\t\t\t\t\t\t\t\t<li><a class=\"elementor-price-list-item\" href=\"#\">\t\t\t\t\n\t\t\t\t<div class=\"elementor-price-list-text\">\n\t\t\t\t\t\t\t\t\t<div class=\"elementor-price-list-header\">\n\t\t\t\t\t\t\t\t\t\t\t<span class=\"elementor-price-list-title\">\n\t\t\t\t\t\t\tSupplement for legal, scientific, technical text\t\t\t\t\t\t<\/span>\n\t\t\t\t\t\t\t\t\t\t\t\t\t\t\t\t\t\t<span class=\"elementor-price-list-separator\"><\/span>\n\t\t\t\t\t\t\t\t\t\t\t\t\t\t\t\t\t\t\t<span class=\"elementor-price-list-price\">20%<\/span>\n\t\t\t\t\t\t\t\t\t\t<\/div>\n\t\t\t\t\t\t\t\t\t\t\t\t<\/div>\n\t\t\t\t<\/a><\/li>\t\t\t\t\t\t\t\t\t\t\t\t<li><a class=\"elementor-price-list-item\" href=\"#\">\t\t\t\t\n\t\t\t\t<div class=\"elementor-price-list-text\">\n\t\t\t\t\t\t\t\t\t<div class=\"elementor-price-list-header\">\n\t\t\t\t\t\t\t\t\t\t\t<span class=\"elementor-price-list-title\">\n\t\t\t\t\t\t\tSupplement for express delivery (&lt; 2 days)\t\t\t\t\t\t<\/span>\n\t\t\t\t\t\t\t\t\t\t\t\t\t\t\t\t\t\t<span class=\"elementor-price-list-separator\"><\/span>\n\t\t\t\t\t\t\t\t\t\t\t\t\t\t\t\t\t\t\t<span class=\"elementor-price-list-price\">30%<\/span>\n\t\t\t\t\t\t\t\t\t\t<\/div>\n\t\t\t\t\t\t\t\t\t\t\t\t<\/div>\n\t\t\t\t<\/a><\/li>\t\t\t\t\t\t\t\t\t\t\t\t<li><a class=\"elementor-price-list-item\" href=\"#\">\t\t\t\t\n\t\t\t\t<div class=\"elementor-price-list-text\">\n\t\t\t\t\t\t\t\t\t<div class=\"elementor-price-list-header\">\n\t\t\t\t\t\t\t\t\t\t\t<span class=\"elementor-price-list-title\">\n\t\t\t\t\t\t\tMinimum fee (maximum 500 words)\t\t\t\t\t\t<\/span>\n\t\t\t\t\t\t\t\t\t\t\t\t\t\t\t\t\t\t<span class=\"elementor-price-list-separator\"><\/span>\n\t\t\t\t\t\t\t\t\t\t\t\t\t\t\t\t\t\t\t<span class=\"elementor-price-list-price\">30 \u20ac<\/span>\n\t\t\t\t\t\t\t\t\t\t<\/div>\n\t\t\t\t\t\t\t\t\t\t\t\t<\/div>\n\t\t\t\t<\/a><\/li>\t\t\t\t\t\t\t\t\t\t\t\t<li><a class=\"elementor-price-list-item\" href=\"#\">\t\t\t\t\n\t\t\t\t<div class=\"elementor-price-list-text\">\n\t\t\t\t\t\t\t\t\t<div class=\"elementor-price-list-header\">\n\t\t\t\t\t\t\t\t\t\t\t<span class=\"elementor-price-list-title\">\n\t\t\t\t\t\t\tPrice per word (Sworn Translation)\t\t\t\t\t\t<\/span>\n\t\t\t\t\t\t\t\t\t\t\t\t\t\t\t\t\t\t<span class=\"elementor-price-list-separator\"><\/span>\n\t\t\t\t\t\t\t\t\t\t\t\t\t\t\t\t\t\t\t<span class=\"elementor-price-list-price\">0,10 \u20ac<\/span>\n\t\t\t\t\t\t\t\t\t\t<\/div>\n\t\t\t\t\t\t\t\t\t\t\t\t<\/div>\n\t\t\t\t<\/a><\/li>\t\t\t\t\t\t\t\t\t\t\t\t<li><a class=\"elementor-price-list-item\" href=\"#\">\t\t\t\t\n\t\t\t\t<div class=\"elementor-price-list-text\">\n\t\t\t\t\t\t\t\t\t<div class=\"elementor-price-list-header\">\n\t\t\t\t\t\t\t\t\t\t\t<span class=\"elementor-price-list-title\">\n\t\t\t\t\t\t\tMinimum fee (Sworn Translation)\t\t\t\t\t\t<\/span>\n\t\t\t\t\t\t\t\t\t\t\t\t\t\t\t\t\t\t<span class=\"elementor-price-list-separator\"><\/span>\n\t\t\t\t\t\t\t\t\t\t\t\t\t\t\t\t\t\t\t<span class=\"elementor-price-list-price\">30 \u20ac<\/span>\n\t\t\t\t\t\t\t\t\t\t<\/div>\n\t\t\t\t\t\t\t\t\t\t\t\t<\/div>\n\t\t\t\t<\/a><\/li>\t\t\t\t\t\t\t\t\t\t\t\t<li><a class=\"elementor-price-list-item\" href=\"#\">\t\t\t\t\n\t\t\t\t<div class=\"elementor-price-list-text\">\n\t\t\t\t\t\t\t\t\t<div class=\"elementor-price-list-header\">\n\t\t\t\t\t\t\t\t\t\t\t<span class=\"elementor-price-list-title\">\n\t\t\t\t\t\t\tDiscount (more than 10,000 words)\t\t\t\t\t\t<\/span>\n\t\t\t\t\t\t\t\t\t\t\t\t\t\t\t\t\t\t<span class=\"elementor-price-list-separator\"><\/span>\n\t\t\t\t\t\t\t\t\t\t\t\t\t\t\t\t\t\t\t<span class=\"elementor-price-list-price\">-10%<\/span>\n\t\t\t\t\t\t\t\t\t\t<\/div>\n\t\t\t\t\t\t\t\t\t\t\t\t<\/div>\n\t\t\t\t<\/a><\/li>\t\t\t\t\t\n\t\t<\/ul>\n\n\t\t\t\t\t\t<\/div>\n\t\t\t\t<\/div>\n\t\t\t\t<div class=\"elementor-element elementor-element-79e4361 elementor-widget elementor-widget-heading\" data-id=\"79e4361\" data-element_type=\"widget\" data-e-type=\"widget\" data-widget_type=\"heading.default\">\n\t\t\t\t<div class=\"elementor-widget-container\">\n\t\t\t\t\t<p class=\"elementor-heading-title elementor-size-default\">All prices are from. VAT not included.<\/p>\t\t\t\t<\/div>\n\t\t\t\t<\/div>\n\t\t\t\t\t<\/div>\n\t\t<\/div>\n\t\t\t\t\t<\/div>\n\t\t<\/section>\n\t\t\t\t<\/div>\n\t\t","protected":false},"excerpt":{"rendered":"<p>Rates Price per word 0,07 \u20ac Supplement for legal, scientific, technical text 20% Supplement for express delivery (&lt; 2 days) [&hellip;]<\/p>\n","protected":false},"author":1,"featured_media":0,"parent":0,"menu_order":4,"comment_status":"closed","ping_status":"closed","template":"","meta":{"inline_featured_image":false,"site-sidebar-layout":"no-sidebar","site-content-layout":"page-builder","ast-site-content-layout":"default","site-content-style":"default","site-sidebar-style":"default","ast-global-header-display":"","ast-banner-title-visibility":"","ast-main-header-display":"","ast-hfb-above-header-display":"","ast-hfb-below-header-display":"","ast-hfb-mobile-header-display":"","site-post-title":"disabled","ast-breadcrumbs-content":"","ast-featured-img":"disabled","footer-sml-layout":"","ast-disable-related-posts":"","theme-transparent-header-meta":"disabled","adv-header-id-meta":"","stick-header-meta":"","header-above-stick-meta":"","header-main-stick-meta":"","header-below-stick-meta":"","astra-migrate-meta-layouts":"default","ast-page-background-enabled":"default","ast-page-background-meta":{"desktop":{"background-color":"","background-image":"","background-repeat":"repeat","background-position":"center center","background-size":"auto","background-attachment":"scroll","background-type":"","background-media":"","overlay-type":"","overlay-color":"","overlay-opacity":"","overlay-gradient":""},"tablet":{"background-color":"","background-image":"","background-repeat":"repeat","background-position":"center center","background-size":"auto","background-attachment":"scroll","background-type":"","background-media":"","overlay-type":"","overlay-color":"","overlay-opacity":"","overlay-gradient":""},"mobile":{"background-color":"","background-image":"","background-repeat":"repeat","background-position":"center center","background-size":"auto","background-attachment":"scroll","background-type":"","background-media":"","overlay-type":"","overlay-color":"","overlay-opacity":"","overlay-gradient":""}},"ast-content-background-meta":{"desktop":{"background-color":"var(--ast-global-color-5)","background-image":"","background-repeat":"repeat","background-position":"center center","background-size":"auto","background-attachment":"scroll","background-type":"","background-media":"","overlay-type":"","overlay-color":"","overlay-opacity":"","overlay-gradient":""},"tablet":{"background-color":"var(--ast-global-color-5)","background-image":"","background-repeat":"repeat","background-position":"center center","background-size":"auto","background-attachment":"scroll","background-type":"","background-media":"","overlay-type":"","overlay-color":"","overlay-opacity":"","overlay-gradient":""},"mobile":{"background-color":"var(--ast-global-color-5)","background-image":"","background-repeat":"repeat","background-position":"center center","background-size":"auto","background-attachment":"scroll","background-type":"","background-media":"","overlay-type":"","overlay-color":"","overlay-opacity":"","overlay-gradient":""}},"_joinchat":[],"footnotes":""},"class_list":["post-2702","page","type-page","status-publish","hentry"],"yoast_head":"<!-- This site is optimized with the Yoast SEO plugin v27.3 - https:\/\/yoast.com\/product\/yoast-seo-wordpress\/ -->\n<title>Rates - Alide Int\u00e9rpretes<\/title>\n<meta name=\"description\" content=\"Precio por palabra, Suplemento texto legal, cient\u00edfico, t\u00e9cnico, Suplemento entrega urgente (&lt; 2 d\u00edas), Cuota m\u00ednima (m\u00e1ximo 500 palabras), Precio por palabra (Traducci\u00f3n Jurada), Cuota m\u00ednima (Traducci\u00f3n Jurada), Descuento (m\u00e1s de 10.000 palabras)\" \/>\n<meta name=\"robots\" content=\"index, follow, max-snippet:-1, max-image-preview:large, max-video-preview:-1\" \/>\n<link rel=\"canonical\" href=\"https:\/\/www.alide-interpretes.com\/en\/tarifas\/\" \/>\n<meta property=\"og:locale\" content=\"en_US\" \/>\n<meta property=\"og:type\" content=\"article\" \/>\n<meta property=\"og:title\" content=\"Rates - Alide Int\u00e9rpretes\" \/>\n<meta property=\"og:description\" content=\"Precio por palabra, Suplemento texto legal, cient\u00edfico, t\u00e9cnico, Suplemento entrega urgente (&lt; 2 d\u00edas), Cuota m\u00ednima (m\u00e1ximo 500 palabras), Precio por palabra (Traducci\u00f3n Jurada), Cuota m\u00ednima (Traducci\u00f3n Jurada), Descuento (m\u00e1s de 10.000 palabras)\" \/>\n<meta property=\"og:url\" content=\"https:\/\/www.alide-interpretes.com\/en\/tarifas\/\" \/>\n<meta property=\"og:site_name\" content=\"Alide Int\u00e9rpretes\" \/>\n<meta property=\"article:modified_time\" content=\"2023-06-23T10:19:38+00:00\" \/>\n<meta name=\"twitter:card\" content=\"summary_large_image\" \/>\n<meta name=\"twitter:label1\" content=\"Est. reading time\" \/>\n\t<meta name=\"twitter:data1\" content=\"1 minute\" \/>\n<script type=\"application\/ld+json\" class=\"yoast-schema-graph\">{\"@context\":\"https:\\\/\\\/schema.org\",\"@graph\":[{\"@type\":\"WebPage\",\"@id\":\"https:\\\/\\\/www.alide-interpretes.com\\\/en\\\/tarifas\\\/\",\"url\":\"https:\\\/\\\/www.alide-interpretes.com\\\/en\\\/tarifas\\\/\",\"name\":\"Rates - Alide Int\u00e9rpretes\",\"isPartOf\":{\"@id\":\"https:\\\/\\\/www.alide-interpretes.com\\\/en\\\/#website\"},\"datePublished\":\"2023-03-07T11:48:21+00:00\",\"dateModified\":\"2023-06-23T10:19:38+00:00\",\"description\":\"Precio por palabra, Suplemento texto legal, cient\u00edfico, t\u00e9cnico, Suplemento entrega urgente (&lt; 2 d\u00edas), Cuota m\u00ednima (m\u00e1ximo 500 palabras), Precio por palabra (Traducci\u00f3n Jurada), Cuota m\u00ednima (Traducci\u00f3n Jurada), Descuento (m\u00e1s de 10.000 palabras)\",\"breadcrumb\":{\"@id\":\"https:\\\/\\\/www.alide-interpretes.com\\\/en\\\/tarifas\\\/#breadcrumb\"},\"inLanguage\":\"en-US\",\"potentialAction\":[{\"@type\":\"ReadAction\",\"target\":[\"https:\\\/\\\/www.alide-interpretes.com\\\/en\\\/tarifas\\\/\"]}]},{\"@type\":\"BreadcrumbList\",\"@id\":\"https:\\\/\\\/www.alide-interpretes.com\\\/en\\\/tarifas\\\/#breadcrumb\",\"itemListElement\":[{\"@type\":\"ListItem\",\"position\":1,\"name\":\"Portada\",\"item\":\"https:\\\/\\\/www.alide-interpretes.com\\\/en\\\/home\\\/\"},{\"@type\":\"ListItem\",\"position\":2,\"name\":\"Rates\"}]},{\"@type\":\"WebSite\",\"@id\":\"https:\\\/\\\/www.alide-interpretes.com\\\/en\\\/#website\",\"url\":\"https:\\\/\\\/www.alide-interpretes.com\\\/en\\\/\",\"name\":\"Alide Int\u00e9rpretes\",\"description\":\"Traducci\u00f3n jurada e interpretaci\u00f3n\",\"publisher\":{\"@id\":\"https:\\\/\\\/www.alide-interpretes.com\\\/en\\\/#organization\"},\"alternateName\":\"Alide\",\"potentialAction\":[{\"@type\":\"SearchAction\",\"target\":{\"@type\":\"EntryPoint\",\"urlTemplate\":\"https:\\\/\\\/www.alide-interpretes.com\\\/en\\\/?s={search_term_string}\"},\"query-input\":{\"@type\":\"PropertyValueSpecification\",\"valueRequired\":true,\"valueName\":\"search_term_string\"}}],\"inLanguage\":\"en-US\"},{\"@type\":\"Organization\",\"@id\":\"https:\\\/\\\/www.alide-interpretes.com\\\/en\\\/#organization\",\"name\":\"Alide Int\u00e9rpretes\",\"alternateName\":\"Alide\",\"url\":\"https:\\\/\\\/www.alide-interpretes.com\\\/en\\\/\",\"logo\":{\"@type\":\"ImageObject\",\"inLanguage\":\"en-US\",\"@id\":\"https:\\\/\\\/www.alide-interpretes.com\\\/en\\\/#\\\/schema\\\/logo\\\/image\\\/\",\"url\":\"https:\\\/\\\/www.alide-interpretes.com\\\/wp-content\\\/uploads\\\/2023\\\/04\\\/alide-logo-v2.svg\",\"contentUrl\":\"https:\\\/\\\/www.alide-interpretes.com\\\/wp-content\\\/uploads\\\/2023\\\/04\\\/alide-logo-v2.svg\",\"width\":403,\"height\":97,\"caption\":\"Alide Int\u00e9rpretes\"},\"image\":{\"@id\":\"https:\\\/\\\/www.alide-interpretes.com\\\/en\\\/#\\\/schema\\\/logo\\\/image\\\/\"}}]}<\/script>\n<!-- \/ Yoast SEO plugin. -->","yoast_head_json":{"title":"Rates - Alide Int\u00e9rpretes","description":"Precio por palabra, Suplemento texto legal, cient\u00edfico, t\u00e9cnico, Suplemento entrega urgente (&lt; 2 d\u00edas), Cuota m\u00ednima (m\u00e1ximo 500 palabras), Precio por palabra (Traducci\u00f3n Jurada), Cuota m\u00ednima (Traducci\u00f3n Jurada), Descuento (m\u00e1s de 10.000 palabras)","robots":{"index":"index","follow":"follow","max-snippet":"max-snippet:-1","max-image-preview":"max-image-preview:large","max-video-preview":"max-video-preview:-1"},"canonical":"https:\/\/www.alide-interpretes.com\/en\/tarifas\/","og_locale":"en_US","og_type":"article","og_title":"Rates - Alide Int\u00e9rpretes","og_description":"Precio por palabra, Suplemento texto legal, cient\u00edfico, t\u00e9cnico, Suplemento entrega urgente (&lt; 2 d\u00edas), Cuota m\u00ednima (m\u00e1ximo 500 palabras), Precio por palabra (Traducci\u00f3n Jurada), Cuota m\u00ednima (Traducci\u00f3n Jurada), Descuento (m\u00e1s de 10.000 palabras)","og_url":"https:\/\/www.alide-interpretes.com\/en\/tarifas\/","og_site_name":"Alide Int\u00e9rpretes","article_modified_time":"2023-06-23T10:19:38+00:00","twitter_card":"summary_large_image","twitter_misc":{"Est. reading time":"1 minute"},"schema":{"@context":"https:\/\/schema.org","@graph":[{"@type":"WebPage","@id":"https:\/\/www.alide-interpretes.com\/en\/tarifas\/","url":"https:\/\/www.alide-interpretes.com\/en\/tarifas\/","name":"Rates - Alide Int\u00e9rpretes","isPartOf":{"@id":"https:\/\/www.alide-interpretes.com\/en\/#website"},"datePublished":"2023-03-07T11:48:21+00:00","dateModified":"2023-06-23T10:19:38+00:00","description":"Precio por palabra, Suplemento texto legal, cient\u00edfico, t\u00e9cnico, Suplemento entrega urgente (&lt; 2 d\u00edas), Cuota m\u00ednima (m\u00e1ximo 500 palabras), Precio por palabra (Traducci\u00f3n Jurada), Cuota m\u00ednima (Traducci\u00f3n Jurada), Descuento (m\u00e1s de 10.000 palabras)","breadcrumb":{"@id":"https:\/\/www.alide-interpretes.com\/en\/tarifas\/#breadcrumb"},"inLanguage":"en-US","potentialAction":[{"@type":"ReadAction","target":["https:\/\/www.alide-interpretes.com\/en\/tarifas\/"]}]},{"@type":"BreadcrumbList","@id":"https:\/\/www.alide-interpretes.com\/en\/tarifas\/#breadcrumb","itemListElement":[{"@type":"ListItem","position":1,"name":"Portada","item":"https:\/\/www.alide-interpretes.com\/en\/home\/"},{"@type":"ListItem","position":2,"name":"Rates"}]},{"@type":"WebSite","@id":"https:\/\/www.alide-interpretes.com\/en\/#website","url":"https:\/\/www.alide-interpretes.com\/en\/","name":"Alide Int\u00e9rpretes","description":"Traducci\u00f3n jurada e interpretaci\u00f3n","publisher":{"@id":"https:\/\/www.alide-interpretes.com\/en\/#organization"},"alternateName":"Alide","potentialAction":[{"@type":"SearchAction","target":{"@type":"EntryPoint","urlTemplate":"https:\/\/www.alide-interpretes.com\/en\/?s={search_term_string}"},"query-input":{"@type":"PropertyValueSpecification","valueRequired":true,"valueName":"search_term_string"}}],"inLanguage":"en-US"},{"@type":"Organization","@id":"https:\/\/www.alide-interpretes.com\/en\/#organization","name":"Alide Int\u00e9rpretes","alternateName":"Alide","url":"https:\/\/www.alide-interpretes.com\/en\/","logo":{"@type":"ImageObject","inLanguage":"en-US","@id":"https:\/\/www.alide-interpretes.com\/en\/#\/schema\/logo\/image\/","url":"https:\/\/www.alide-interpretes.com\/wp-content\/uploads\/2023\/04\/alide-logo-v2.svg","contentUrl":"https:\/\/www.alide-interpretes.com\/wp-content\/uploads\/2023\/04\/alide-logo-v2.svg","width":403,"height":97,"caption":"Alide Int\u00e9rpretes"},"image":{"@id":"https:\/\/www.alide-interpretes.com\/en\/#\/schema\/logo\/image\/"}}]}},"_links":{"self":[{"href":"https:\/\/www.alide-interpretes.com\/en\/wp-json\/wp\/v2\/pages\/2702","targetHints":{"allow":["GET"]}}],"collection":[{"href":"https:\/\/www.alide-interpretes.com\/en\/wp-json\/wp\/v2\/pages"}],"about":[{"href":"https:\/\/www.alide-interpretes.com\/en\/wp-json\/wp\/v2\/types\/page"}],"author":[{"embeddable":true,"href":"https:\/\/www.alide-interpretes.com\/en\/wp-json\/wp\/v2\/users\/1"}],"replies":[{"embeddable":true,"href":"https:\/\/www.alide-interpretes.com\/en\/wp-json\/wp\/v2\/comments?post=2702"}],"version-history":[{"count":18,"href":"https:\/\/www.alide-interpretes.com\/en\/wp-json\/wp\/v2\/pages\/2702\/revisions"}],"predecessor-version":[{"id":3028,"href":"https:\/\/www.alide-interpretes.com\/en\/wp-json\/wp\/v2\/pages\/2702\/revisions\/3028"}],"wp:attachment":[{"href":"https:\/\/www.alide-interpretes.com\/en\/wp-json\/wp\/v2\/media?parent=2702"}],"curies":[{"name":"wp","href":"https:\/\/api.w.org\/{rel}","templated":true}]}}