{"id":2706,"date":"2023-04-26T13:30:35","date_gmt":"2023-04-26T11:30:35","guid":{"rendered":"https:\/\/www.alide-interpretes.com\/other-services\/"},"modified":"2023-06-23T10:35:43","modified_gmt":"2023-06-23T08:35:43","slug":"other-services","status":"publish","type":"page","link":"https:\/\/www.alide-interpretes.com\/en\/other-services\/","title":{"rendered":"Other Services"},"content":{"rendered":"\t\t<div data-elementor-type=\"wp-page\" data-elementor-id=\"2706\" class=\"elementor elementor-2706 elementor-2303\" data-elementor-post-type=\"page\">\n\t\t\t\t\t\t<section class=\"elementor-section elementor-top-section elementor-element elementor-element-3d14a20 elementor-section-height-min-height elementor-section-boxed elementor-section-height-default elementor-section-items-middle\" data-id=\"3d14a20\" data-element_type=\"section\" data-e-type=\"section\" data-settings=\"{&quot;background_background&quot;:&quot;classic&quot;}\">\n\t\t\t\t\t\t<div class=\"elementor-container elementor-column-gap-default\">\n\t\t\t\t\t<div class=\"elementor-column elementor-col-50 elementor-top-column elementor-element elementor-element-bd56d53\" data-id=\"bd56d53\" data-element_type=\"column\" data-e-type=\"column\">\n\t\t\t<div class=\"elementor-widget-wrap elementor-element-populated\">\n\t\t\t\t\t\t<div class=\"elementor-element elementor-element-6342e5c elementor-widget elementor-widget-heading\" data-id=\"6342e5c\" data-element_type=\"widget\" data-e-type=\"widget\" data-widget_type=\"heading.default\">\n\t\t\t\t<div class=\"elementor-widget-container\">\n\t\t\t\t\t<h1 class=\"elementor-heading-title elementor-size-default\">Other Services<\/h1>\t\t\t\t<\/div>\n\t\t\t\t<\/div>\n\t\t\t\t\t<\/div>\n\t\t<\/div>\n\t\t\t\t<div class=\"elementor-column elementor-col-50 elementor-top-column elementor-element elementor-element-3e0ad9c\" data-id=\"3e0ad9c\" data-element_type=\"column\" data-e-type=\"column\">\n\t\t\t<div class=\"elementor-widget-wrap\">\n\t\t\t\t\t\t\t<\/div>\n\t\t<\/div>\n\t\t\t\t\t<\/div>\n\t\t<\/section>\n\t\t\t\t<section class=\"elementor-section elementor-top-section elementor-element elementor-element-99639b0 elementor-section-boxed elementor-section-height-default elementor-section-height-default\" data-id=\"99639b0\" data-element_type=\"section\" data-e-type=\"section\" data-settings=\"{&quot;background_background&quot;:&quot;classic&quot;}\">\n\t\t\t\t\t\t<div class=\"elementor-container elementor-column-gap-extended\">\n\t\t\t\t\t<div class=\"elementor-column elementor-col-50 elementor-top-column elementor-element elementor-element-ad23575\" data-id=\"ad23575\" data-element_type=\"column\" data-e-type=\"column\">\n\t\t\t<div class=\"elementor-widget-wrap elementor-element-populated\">\n\t\t\t\t\t\t<div class=\"elementor-element elementor-element-a38d592 elementor-invisible elementor-widget elementor-widget-image\" data-id=\"a38d592\" data-element_type=\"widget\" data-e-type=\"widget\" data-settings=\"{&quot;_animation&quot;:&quot;fadeInUp&quot;}\" data-widget_type=\"image.default\">\n\t\t\t\t<div class=\"elementor-widget-container\">\n\t\t\t\t\t\t\t\t\t\t\t\t\t\t\t<img decoding=\"async\" width=\"160\" height=\"160\" src=\"https:\/\/www.alide-interpretes.com\/wp-content\/uploads\/2023\/04\/os1.png\" class=\"attachment-full size-full wp-image-2605\" alt=\"\" srcset=\"https:\/\/www.alide-interpretes.com\/wp-content\/uploads\/2023\/04\/os1.png 160w, https:\/\/www.alide-interpretes.com\/wp-content\/uploads\/2023\/04\/os1-150x150.png 150w\" sizes=\"(max-width: 160px) 100vw, 160px\" \/>\t\t\t\t\t\t\t\t\t\t\t\t\t\t\t<\/div>\n\t\t\t\t<\/div>\n\t\t\t\t<div class=\"elementor-element elementor-element-1c36b62 elementor-widget elementor-widget-heading\" data-id=\"1c36b62\" data-element_type=\"widget\" data-e-type=\"widget\" data-widget_type=\"heading.default\">\n\t\t\t\t<div class=\"elementor-widget-container\">\n\t\t\t\t\t<h2 class=\"elementor-heading-title elementor-size-default\">Interpretaci\u00f3n<\/h2>\t\t\t\t<\/div>\n\t\t\t\t<\/div>\n\t\t\t\t<div class=\"elementor-element elementor-element-c4b1584 elementor-widget elementor-widget-heading\" data-id=\"c4b1584\" data-element_type=\"widget\" data-e-type=\"widget\" data-widget_type=\"heading.default\">\n\t\t\t\t<div class=\"elementor-widget-container\">\n\t\t\t\t\t<h3 class=\"elementor-heading-title elementor-size-default\">Judicial and Sworn Interpretation<\/h3>\t\t\t\t<\/div>\n\t\t\t\t<\/div>\n\t\t\t\t<div class=\"elementor-element elementor-element-90da225 elementor-widget elementor-widget-text-editor\" data-id=\"90da225\" data-element_type=\"widget\" data-e-type=\"widget\" data-widget_type=\"text-editor.default\">\n\t\t\t\t<div class=\"elementor-widget-container\">\n\t\t\t\t\t\t\t\t\t<p>Before courts, notaries, lawyers, etc.<\/p>\n\t\t\t\t\t\t\t\t<\/div>\n\t\t\t\t<\/div>\n\t\t\t\t<div class=\"elementor-element elementor-element-4aeafdc elementor-widget elementor-widget-heading\" data-id=\"4aeafdc\" data-element_type=\"widget\" data-e-type=\"widget\" data-widget_type=\"heading.default\">\n\t\t\t\t<div class=\"elementor-widget-container\">\n\t\t\t\t\t<h3 class=\"elementor-heading-title elementor-size-default\">Conference Interpretation<\/h3>\t\t\t\t<\/div>\n\t\t\t\t<\/div>\n\t\t\t\t<div class=\"elementor-element elementor-element-278366a elementor-widget elementor-widget-text-editor\" data-id=\"278366a\" data-element_type=\"widget\" data-e-type=\"widget\" data-widget_type=\"text-editor.default\">\n\t\t\t\t<div class=\"elementor-widget-container\">\n\t\t\t\t\t\t\t\t\t<p>Simultaneous and consecutive interpretation, International Meetings, Congresses and Conventions, Scientific and Technical Conferences, Press Conferences, Official Visits, Protocol Events.<\/p>\n\t\t\t\t\t\t\t\t<\/div>\n\t\t\t\t<\/div>\n\t\t\t\t<div class=\"elementor-element elementor-element-bef7ca8 elementor-widget elementor-widget-heading\" data-id=\"bef7ca8\" data-element_type=\"widget\" data-e-type=\"widget\" data-widget_type=\"heading.default\">\n\t\t\t\t<div class=\"elementor-widget-container\">\n\t\t\t\t\t<h3 class=\"elementor-heading-title elementor-size-default\">International Relations<\/h3>\t\t\t\t<\/div>\n\t\t\t\t<\/div>\n\t\t\t\t<div class=\"elementor-element elementor-element-978576c elementor-widget elementor-widget-text-editor\" data-id=\"978576c\" data-element_type=\"widget\" data-e-type=\"widget\" data-widget_type=\"text-editor.default\">\n\t\t\t\t<div class=\"elementor-widget-container\">\n\t\t\t\t\t\t\t\t\t<p>Visits of companies inside or outside the Region of Murcia, national and international visits, accompanying interpreters.<\/p>\n\t\t\t\t\t\t\t\t<\/div>\n\t\t\t\t<\/div>\n\t\t\t\t\t<\/div>\n\t\t<\/div>\n\t\t\t\t<div class=\"elementor-column elementor-col-50 elementor-top-column elementor-element elementor-element-589fb1a\" data-id=\"589fb1a\" data-element_type=\"column\" data-e-type=\"column\">\n\t\t\t<div class=\"elementor-widget-wrap elementor-element-populated\">\n\t\t\t\t\t\t<div class=\"elementor-element elementor-element-eb71404 elementor-invisible elementor-widget elementor-widget-image\" data-id=\"eb71404\" data-element_type=\"widget\" data-e-type=\"widget\" data-settings=\"{&quot;_animation&quot;:&quot;fadeInUp&quot;,&quot;_animation_delay&quot;:300}\" data-widget_type=\"image.default\">\n\t\t\t\t<div class=\"elementor-widget-container\">\n\t\t\t\t\t\t\t\t\t\t\t\t\t\t\t<img decoding=\"async\" width=\"160\" height=\"160\" src=\"https:\/\/www.alide-interpretes.com\/wp-content\/uploads\/2023\/04\/os2.png\" class=\"attachment-full size-full wp-image-2603\" alt=\"\" srcset=\"https:\/\/www.alide-interpretes.com\/wp-content\/uploads\/2023\/04\/os2.png 160w, https:\/\/www.alide-interpretes.com\/wp-content\/uploads\/2023\/04\/os2-150x150.png 150w\" sizes=\"(max-width: 160px) 100vw, 160px\" \/>\t\t\t\t\t\t\t\t\t\t\t\t\t\t\t<\/div>\n\t\t\t\t<\/div>\n\t\t\t\t<div class=\"elementor-element elementor-element-c41b1ce elementor-widget elementor-widget-heading\" data-id=\"c41b1ce\" data-element_type=\"widget\" data-e-type=\"widget\" data-widget_type=\"heading.default\">\n\t\t\t\t<div class=\"elementor-widget-container\">\n\t\t\t\t\t<h2 class=\"elementor-heading-title elementor-size-default\">Tour guides<\/h2>\t\t\t\t<\/div>\n\t\t\t\t<\/div>\n\t\t\t\t<div class=\"elementor-element elementor-element-6750a09 elementor-widget elementor-widget-text-editor\" data-id=\"6750a09\" data-element_type=\"widget\" data-e-type=\"widget\" data-widget_type=\"text-editor.default\">\n\t\t\t\t<div class=\"elementor-widget-container\">\n\t\t\t\t\t\t\t\t\t<ul>\n<li>Official Tourist Guides<\/li>\n<li>Interpreter Guides<\/li>\n<li>Local Guides<\/li>\n<li>Nature Guides<\/li>\n<li>Transfer Guides<\/li>\n<\/ul>\n\t\t\t\t\t\t\t\t<\/div>\n\t\t\t\t<\/div>\n\t\t\t\t\t<\/div>\n\t\t<\/div>\n\t\t\t\t\t<\/div>\n\t\t<\/section>\n\t\t\t\t<section class=\"elementor-section elementor-top-section elementor-element elementor-element-94ac686 elementor-section-boxed elementor-section-height-default elementor-section-height-default\" data-id=\"94ac686\" data-element_type=\"section\" data-e-type=\"section\" data-settings=\"{&quot;background_background&quot;:&quot;classic&quot;}\">\n\t\t\t\t\t\t<div class=\"elementor-container elementor-column-gap-default\">\n\t\t\t\t\t<div class=\"elementor-column elementor-col-50 elementor-top-column elementor-element elementor-element-de805f5\" data-id=\"de805f5\" data-element_type=\"column\" data-e-type=\"column\">\n\t\t\t<div class=\"elementor-widget-wrap elementor-element-populated\">\n\t\t\t\t\t\t<div class=\"elementor-element elementor-element-528a7ab elementor-invisible elementor-widget elementor-widget-image\" data-id=\"528a7ab\" data-element_type=\"widget\" data-e-type=\"widget\" data-settings=\"{&quot;_animation&quot;:&quot;fadeInUp&quot;}\" data-widget_type=\"image.default\">\n\t\t\t\t<div class=\"elementor-widget-container\">\n\t\t\t\t\t\t\t\t\t\t\t\t\t\t\t<img fetchpriority=\"high\" decoding=\"async\" width=\"374\" height=\"353\" src=\"https:\/\/www.alide-interpretes.com\/wp-content\/uploads\/2023\/04\/rutas.png\" class=\"attachment-full size-full wp-image-2607\" alt=\"\" srcset=\"https:\/\/www.alide-interpretes.com\/wp-content\/uploads\/2023\/04\/rutas.png 374w, https:\/\/www.alide-interpretes.com\/wp-content\/uploads\/2023\/04\/rutas-300x283.png 300w\" sizes=\"(max-width: 374px) 100vw, 374px\" \/>\t\t\t\t\t\t\t\t\t\t\t\t\t\t\t<\/div>\n\t\t\t\t<\/div>\n\t\t\t\t\t<\/div>\n\t\t<\/div>\n\t\t\t\t<div class=\"elementor-column elementor-col-50 elementor-top-column elementor-element elementor-element-04bff02\" data-id=\"04bff02\" data-element_type=\"column\" data-e-type=\"column\">\n\t\t\t<div class=\"elementor-widget-wrap elementor-element-populated\">\n\t\t\t\t\t\t<div class=\"elementor-element elementor-element-b884078 elementor-widget elementor-widget-heading\" data-id=\"b884078\" data-element_type=\"widget\" data-e-type=\"widget\" data-widget_type=\"heading.default\">\n\t\t\t\t<div class=\"elementor-widget-container\">\n\t\t\t\t\t<h2 class=\"elementor-heading-title elementor-size-default\">Some of our itineraries<\/h2>\t\t\t\t<\/div>\n\t\t\t\t<\/div>\n\t\t\t\t<div class=\"elementor-element elementor-element-48f977d elementor-widget elementor-widget-text-editor\" data-id=\"48f977d\" data-element_type=\"widget\" data-e-type=\"widget\" data-widget_type=\"text-editor.default\">\n\t\t\t\t<div class=\"elementor-widget-container\">\n\t\t\t\t\t\t\t\t\t<p>Here are some ideas to visit our region. If you are interested, please contact us and we will design an itinerary <em>&#8220;\u00e0 la carte&#8221;<\/em> for you!<\/p>\n\t\t\t\t\t\t\t\t<\/div>\n\t\t\t\t<\/div>\n\t\t\t\t<div class=\"elementor-element elementor-element-e705cec elementor-widget elementor-widget-text-editor\" data-id=\"e705cec\" data-element_type=\"widget\" data-e-type=\"widget\" data-widget_type=\"text-editor.default\">\n\t\t\t\t<div class=\"elementor-widget-container\">\n\t\t\t\t\t\t\t\t\t<ul>\n<li>La Uni\u00f3n Mining Park<\/li>\n<li>Lorca<\/li>\n<li>\u00c1guilas<\/li>\n<li>Bullas<\/li>\n<li>Mar Menor<\/li>\n<li>Caravaca<\/li>\n<li>Cartagena<\/li>\n<li>Murcia<\/li>\n<li>Mula<\/li>\n<li>Totana and Alhama<\/li>\n<li>Ricote Valley<\/li>\n<li>Jumilla<\/li>\n<\/ul>\n\t\t\t\t\t\t\t\t<\/div>\n\t\t\t\t<\/div>\n\t\t\t\t\t<\/div>\n\t\t<\/div>\n\t\t\t\t\t<\/div>\n\t\t<\/section>\n\t\t\t\t<\/div>\n\t\t","protected":false},"excerpt":{"rendered":"<p>Other Services Interpretaci\u00f3n Judicial and Sworn Interpretation Before courts, notaries, lawyers, etc. Conference Interpretation Simultaneous and consecutive interpretation, International Meetings, [&hellip;]<\/p>\n","protected":false},"author":1,"featured_media":0,"parent":0,"menu_order":5,"comment_status":"closed","ping_status":"closed","template":"","meta":{"inline_featured_image":false,"site-sidebar-layout":"no-sidebar","site-content-layout":"page-builder","ast-site-content-layout":"default","site-content-style":"default","site-sidebar-style":"default","ast-global-header-display":"","ast-banner-title-visibility":"","ast-main-header-display":"","ast-hfb-above-header-display":"","ast-hfb-below-header-display":"","ast-hfb-mobile-header-display":"","site-post-title":"disabled","ast-breadcrumbs-content":"","ast-featured-img":"disabled","footer-sml-layout":"","ast-disable-related-posts":"","theme-transparent-header-meta":"","adv-header-id-meta":"","stick-header-meta":"","header-above-stick-meta":"","header-main-stick-meta":"","header-below-stick-meta":"","astra-migrate-meta-layouts":"default","ast-page-background-enabled":"default","ast-page-background-meta":{"desktop":{"background-color":"","background-image":"","background-repeat":"repeat","background-position":"center center","background-size":"auto","background-attachment":"scroll","background-type":"","background-media":"","overlay-type":"","overlay-color":"","overlay-opacity":"","overlay-gradient":""},"tablet":{"background-color":"","background-image":"","background-repeat":"repeat","background-position":"center center","background-size":"auto","background-attachment":"scroll","background-type":"","background-media":"","overlay-type":"","overlay-color":"","overlay-opacity":"","overlay-gradient":""},"mobile":{"background-color":"","background-image":"","background-repeat":"repeat","background-position":"center center","background-size":"auto","background-attachment":"scroll","background-type":"","background-media":"","overlay-type":"","overlay-color":"","overlay-opacity":"","overlay-gradient":""}},"ast-content-background-meta":{"desktop":{"background-color":"var(--ast-global-color-5)","background-image":"","background-repeat":"repeat","background-position":"center center","background-size":"auto","background-attachment":"scroll","background-type":"","background-media":"","overlay-type":"","overlay-color":"","overlay-opacity":"","overlay-gradient":""},"tablet":{"background-color":"var(--ast-global-color-5)","background-image":"","background-repeat":"repeat","background-position":"center center","background-size":"auto","background-attachment":"scroll","background-type":"","background-media":"","overlay-type":"","overlay-color":"","overlay-opacity":"","overlay-gradient":""},"mobile":{"background-color":"var(--ast-global-color-5)","background-image":"","background-repeat":"repeat","background-position":"center center","background-size":"auto","background-attachment":"scroll","background-type":"","background-media":"","overlay-type":"","overlay-color":"","overlay-opacity":"","overlay-gradient":""}},"_joinchat":[],"footnotes":""},"class_list":["post-2706","page","type-page","status-publish","hentry"],"yoast_head":"<!-- This site is optimized with the Yoast SEO plugin v27.3 - https:\/\/yoast.com\/product\/yoast-seo-wordpress\/ -->\n<title>Other Services - Alide Int\u00e9rpretes<\/title>\n<meta name=\"description\" content=\"Judicial and Sworn Interpretation Before courts, notaries, lawyers, etc. Tour guides\" \/>\n<meta name=\"robots\" content=\"index, follow, max-snippet:-1, max-image-preview:large, max-video-preview:-1\" \/>\n<link rel=\"canonical\" href=\"https:\/\/www.alide-interpretes.com\/en\/other-services\/\" \/>\n<meta property=\"og:locale\" content=\"en_US\" \/>\n<meta property=\"og:type\" content=\"article\" \/>\n<meta property=\"og:title\" content=\"Other Services - Alide Int\u00e9rpretes\" \/>\n<meta property=\"og:description\" content=\"Judicial and Sworn Interpretation Before courts, notaries, lawyers, etc. Tour guides\" \/>\n<meta property=\"og:url\" content=\"https:\/\/www.alide-interpretes.com\/en\/other-services\/\" \/>\n<meta property=\"og:site_name\" content=\"Alide Int\u00e9rpretes\" \/>\n<meta property=\"article:modified_time\" content=\"2023-06-23T08:35:43+00:00\" \/>\n<meta property=\"og:image\" content=\"https:\/\/www.alide-interpretes.com\/wp-content\/uploads\/2023\/04\/os1.png\" \/>\n<meta name=\"twitter:card\" content=\"summary_large_image\" \/>\n<meta name=\"twitter:label1\" content=\"Est. reading time\" \/>\n\t<meta name=\"twitter:data1\" content=\"1 minute\" \/>\n<script type=\"application\/ld+json\" class=\"yoast-schema-graph\">{\"@context\":\"https:\\\/\\\/schema.org\",\"@graph\":[{\"@type\":\"WebPage\",\"@id\":\"https:\\\/\\\/www.alide-interpretes.com\\\/en\\\/other-services\\\/\",\"url\":\"https:\\\/\\\/www.alide-interpretes.com\\\/en\\\/other-services\\\/\",\"name\":\"Other Services - Alide Int\u00e9rpretes\",\"isPartOf\":{\"@id\":\"https:\\\/\\\/www.alide-interpretes.com\\\/en\\\/#website\"},\"primaryImageOfPage\":{\"@id\":\"https:\\\/\\\/www.alide-interpretes.com\\\/en\\\/other-services\\\/#primaryimage\"},\"image\":{\"@id\":\"https:\\\/\\\/www.alide-interpretes.com\\\/en\\\/other-services\\\/#primaryimage\"},\"thumbnailUrl\":\"https:\\\/\\\/www.alide-interpretes.com\\\/wp-content\\\/uploads\\\/2023\\\/04\\\/os1.png\",\"datePublished\":\"2023-04-26T11:30:35+00:00\",\"dateModified\":\"2023-06-23T08:35:43+00:00\",\"description\":\"Judicial and Sworn Interpretation Before courts, notaries, lawyers, etc. Tour guides\",\"breadcrumb\":{\"@id\":\"https:\\\/\\\/www.alide-interpretes.com\\\/en\\\/other-services\\\/#breadcrumb\"},\"inLanguage\":\"en-US\",\"potentialAction\":[{\"@type\":\"ReadAction\",\"target\":[\"https:\\\/\\\/www.alide-interpretes.com\\\/en\\\/other-services\\\/\"]}]},{\"@type\":\"ImageObject\",\"inLanguage\":\"en-US\",\"@id\":\"https:\\\/\\\/www.alide-interpretes.com\\\/en\\\/other-services\\\/#primaryimage\",\"url\":\"https:\\\/\\\/www.alide-interpretes.com\\\/wp-content\\\/uploads\\\/2023\\\/04\\\/os1.png\",\"contentUrl\":\"https:\\\/\\\/www.alide-interpretes.com\\\/wp-content\\\/uploads\\\/2023\\\/04\\\/os1.png\"},{\"@type\":\"BreadcrumbList\",\"@id\":\"https:\\\/\\\/www.alide-interpretes.com\\\/en\\\/other-services\\\/#breadcrumb\",\"itemListElement\":[{\"@type\":\"ListItem\",\"position\":1,\"name\":\"Portada\",\"item\":\"https:\\\/\\\/www.alide-interpretes.com\\\/en\\\/home\\\/\"},{\"@type\":\"ListItem\",\"position\":2,\"name\":\"Other Services\"}]},{\"@type\":\"WebSite\",\"@id\":\"https:\\\/\\\/www.alide-interpretes.com\\\/en\\\/#website\",\"url\":\"https:\\\/\\\/www.alide-interpretes.com\\\/en\\\/\",\"name\":\"Alide Int\u00e9rpretes\",\"description\":\"Traducci\u00f3n jurada e interpretaci\u00f3n\",\"publisher\":{\"@id\":\"https:\\\/\\\/www.alide-interpretes.com\\\/en\\\/#organization\"},\"alternateName\":\"Alide\",\"potentialAction\":[{\"@type\":\"SearchAction\",\"target\":{\"@type\":\"EntryPoint\",\"urlTemplate\":\"https:\\\/\\\/www.alide-interpretes.com\\\/en\\\/?s={search_term_string}\"},\"query-input\":{\"@type\":\"PropertyValueSpecification\",\"valueRequired\":true,\"valueName\":\"search_term_string\"}}],\"inLanguage\":\"en-US\"},{\"@type\":\"Organization\",\"@id\":\"https:\\\/\\\/www.alide-interpretes.com\\\/en\\\/#organization\",\"name\":\"Alide Int\u00e9rpretes\",\"alternateName\":\"Alide\",\"url\":\"https:\\\/\\\/www.alide-interpretes.com\\\/en\\\/\",\"logo\":{\"@type\":\"ImageObject\",\"inLanguage\":\"en-US\",\"@id\":\"https:\\\/\\\/www.alide-interpretes.com\\\/en\\\/#\\\/schema\\\/logo\\\/image\\\/\",\"url\":\"https:\\\/\\\/www.alide-interpretes.com\\\/wp-content\\\/uploads\\\/2023\\\/04\\\/alide-logo-v2.svg\",\"contentUrl\":\"https:\\\/\\\/www.alide-interpretes.com\\\/wp-content\\\/uploads\\\/2023\\\/04\\\/alide-logo-v2.svg\",\"width\":403,\"height\":97,\"caption\":\"Alide Int\u00e9rpretes\"},\"image\":{\"@id\":\"https:\\\/\\\/www.alide-interpretes.com\\\/en\\\/#\\\/schema\\\/logo\\\/image\\\/\"}}]}<\/script>\n<!-- \/ Yoast SEO plugin. -->","yoast_head_json":{"title":"Other Services - Alide Int\u00e9rpretes","description":"Judicial and Sworn Interpretation Before courts, notaries, lawyers, etc. Tour guides","robots":{"index":"index","follow":"follow","max-snippet":"max-snippet:-1","max-image-preview":"max-image-preview:large","max-video-preview":"max-video-preview:-1"},"canonical":"https:\/\/www.alide-interpretes.com\/en\/other-services\/","og_locale":"en_US","og_type":"article","og_title":"Other Services - Alide Int\u00e9rpretes","og_description":"Judicial and Sworn Interpretation Before courts, notaries, lawyers, etc. Tour guides","og_url":"https:\/\/www.alide-interpretes.com\/en\/other-services\/","og_site_name":"Alide Int\u00e9rpretes","article_modified_time":"2023-06-23T08:35:43+00:00","og_image":[{"url":"https:\/\/www.alide-interpretes.com\/wp-content\/uploads\/2023\/04\/os1.png","type":"","width":"","height":""}],"twitter_card":"summary_large_image","twitter_misc":{"Est. reading time":"1 minute"},"schema":{"@context":"https:\/\/schema.org","@graph":[{"@type":"WebPage","@id":"https:\/\/www.alide-interpretes.com\/en\/other-services\/","url":"https:\/\/www.alide-interpretes.com\/en\/other-services\/","name":"Other Services - Alide Int\u00e9rpretes","isPartOf":{"@id":"https:\/\/www.alide-interpretes.com\/en\/#website"},"primaryImageOfPage":{"@id":"https:\/\/www.alide-interpretes.com\/en\/other-services\/#primaryimage"},"image":{"@id":"https:\/\/www.alide-interpretes.com\/en\/other-services\/#primaryimage"},"thumbnailUrl":"https:\/\/www.alide-interpretes.com\/wp-content\/uploads\/2023\/04\/os1.png","datePublished":"2023-04-26T11:30:35+00:00","dateModified":"2023-06-23T08:35:43+00:00","description":"Judicial and Sworn Interpretation Before courts, notaries, lawyers, etc. Tour guides","breadcrumb":{"@id":"https:\/\/www.alide-interpretes.com\/en\/other-services\/#breadcrumb"},"inLanguage":"en-US","potentialAction":[{"@type":"ReadAction","target":["https:\/\/www.alide-interpretes.com\/en\/other-services\/"]}]},{"@type":"ImageObject","inLanguage":"en-US","@id":"https:\/\/www.alide-interpretes.com\/en\/other-services\/#primaryimage","url":"https:\/\/www.alide-interpretes.com\/wp-content\/uploads\/2023\/04\/os1.png","contentUrl":"https:\/\/www.alide-interpretes.com\/wp-content\/uploads\/2023\/04\/os1.png"},{"@type":"BreadcrumbList","@id":"https:\/\/www.alide-interpretes.com\/en\/other-services\/#breadcrumb","itemListElement":[{"@type":"ListItem","position":1,"name":"Portada","item":"https:\/\/www.alide-interpretes.com\/en\/home\/"},{"@type":"ListItem","position":2,"name":"Other Services"}]},{"@type":"WebSite","@id":"https:\/\/www.alide-interpretes.com\/en\/#website","url":"https:\/\/www.alide-interpretes.com\/en\/","name":"Alide Int\u00e9rpretes","description":"Traducci\u00f3n jurada e interpretaci\u00f3n","publisher":{"@id":"https:\/\/www.alide-interpretes.com\/en\/#organization"},"alternateName":"Alide","potentialAction":[{"@type":"SearchAction","target":{"@type":"EntryPoint","urlTemplate":"https:\/\/www.alide-interpretes.com\/en\/?s={search_term_string}"},"query-input":{"@type":"PropertyValueSpecification","valueRequired":true,"valueName":"search_term_string"}}],"inLanguage":"en-US"},{"@type":"Organization","@id":"https:\/\/www.alide-interpretes.com\/en\/#organization","name":"Alide Int\u00e9rpretes","alternateName":"Alide","url":"https:\/\/www.alide-interpretes.com\/en\/","logo":{"@type":"ImageObject","inLanguage":"en-US","@id":"https:\/\/www.alide-interpretes.com\/en\/#\/schema\/logo\/image\/","url":"https:\/\/www.alide-interpretes.com\/wp-content\/uploads\/2023\/04\/alide-logo-v2.svg","contentUrl":"https:\/\/www.alide-interpretes.com\/wp-content\/uploads\/2023\/04\/alide-logo-v2.svg","width":403,"height":97,"caption":"Alide Int\u00e9rpretes"},"image":{"@id":"https:\/\/www.alide-interpretes.com\/en\/#\/schema\/logo\/image\/"}}]}},"_links":{"self":[{"href":"https:\/\/www.alide-interpretes.com\/en\/wp-json\/wp\/v2\/pages\/2706","targetHints":{"allow":["GET"]}}],"collection":[{"href":"https:\/\/www.alide-interpretes.com\/en\/wp-json\/wp\/v2\/pages"}],"about":[{"href":"https:\/\/www.alide-interpretes.com\/en\/wp-json\/wp\/v2\/types\/page"}],"author":[{"embeddable":true,"href":"https:\/\/www.alide-interpretes.com\/en\/wp-json\/wp\/v2\/users\/1"}],"replies":[{"embeddable":true,"href":"https:\/\/www.alide-interpretes.com\/en\/wp-json\/wp\/v2\/comments?post=2706"}],"version-history":[{"count":4,"href":"https:\/\/www.alide-interpretes.com\/en\/wp-json\/wp\/v2\/pages\/2706\/revisions"}],"predecessor-version":[{"id":3014,"href":"https:\/\/www.alide-interpretes.com\/en\/wp-json\/wp\/v2\/pages\/2706\/revisions\/3014"}],"wp:attachment":[{"href":"https:\/\/www.alide-interpretes.com\/en\/wp-json\/wp\/v2\/media?parent=2706"}],"curies":[{"name":"wp","href":"https:\/\/api.w.org\/{rel}","templated":true}]}}