{"id":2724,"date":"2023-04-26T14:05:55","date_gmt":"2023-04-26T12:05:55","guid":{"rendered":"https:\/\/www.alide-interpretes.com\/accesibility\/"},"modified":"2023-04-27T13:14:01","modified_gmt":"2023-04-27T11:14:01","slug":"accesibility","status":"publish","type":"page","link":"https:\/\/www.alide-interpretes.com\/en\/accesibility\/","title":{"rendered":"Accesibility"},"content":{"rendered":"\t\t<div data-elementor-type=\"wp-page\" data-elementor-id=\"2724\" class=\"elementor elementor-2724 elementor-2413\" data-elementor-post-type=\"page\">\n\t\t\t\t\t\t<section class=\"elementor-section elementor-top-section elementor-element elementor-element-ae4eaa8 elementor-section-boxed elementor-section-height-default elementor-section-height-default\" data-id=\"ae4eaa8\" data-element_type=\"section\" data-e-type=\"section\">\n\t\t\t\t\t\t<div class=\"elementor-container elementor-column-gap-default\">\n\t\t\t\t\t<div class=\"elementor-column elementor-col-100 elementor-top-column elementor-element elementor-element-29134e8\" data-id=\"29134e8\" data-element_type=\"column\" data-e-type=\"column\">\n\t\t\t<div class=\"elementor-widget-wrap elementor-element-populated\">\n\t\t\t\t\t\t<div class=\"elementor-element elementor-element-286d6ca elementor-widget elementor-widget-heading\" data-id=\"286d6ca\" data-element_type=\"widget\" data-e-type=\"widget\" data-widget_type=\"heading.default\">\n\t\t\t\t<div class=\"elementor-widget-container\">\n\t\t\t\t\t<h1 class=\"elementor-heading-title elementor-size-default\">Accesibility<\/h1>\t\t\t\t<\/div>\n\t\t\t\t<\/div>\n\t\t\t\t<div class=\"elementor-element elementor-element-5e1acb4 elementor-widget elementor-widget-text-editor\" data-id=\"5e1acb4\" data-element_type=\"widget\" data-e-type=\"widget\" data-widget_type=\"text-editor.default\">\n\t\t\t\t<div class=\"elementor-widget-container\">\n\t\t\t\t\t\t\t\t\t<div class=\"elementor-element elementor-element-83c11d8 elementor-widget elementor-widget-heading\" data-id=\"83c11d8\" data-element_type=\"widget\" data-widget_type=\"heading.default\">\n<div class=\"elementor-widget-container\">\n<h1 class=\"elementor-heading-title elementor-size-default\"><strong style=\"font-size: 16px;\">DECLARACI\u00d3N DE ACCESIBILIDAD<\/strong><\/h1>\n<\/div>\n<\/div>\n<div class=\"elementor-element elementor-element-d7ec4b0 elementor-widget elementor-widget-text-editor\" data-id=\"d7ec4b0\" data-element_type=\"widget\" data-widget_type=\"text-editor.default\">\n<div class=\"elementor-widget-container\">\n<div class=\"elementor-element elementor-element-0c395c0 elementor-widget elementor-widget-text-editor\" data-id=\"0c395c0\" data-element_type=\"widget\" data-widget_type=\"text-editor.default\">\n<div class=\"elementor-widget-container\">\n<div class=\"elementor-element elementor-element-791958b elementor-widget elementor-widget-text-editor\" data-id=\"791958b\" data-element_type=\"widget\" data-widget_type=\"text-editor.default\">\n<div class=\"elementor-widget-container\">\n<p><strong>alide-interpretes.com<\/strong> se ha comprometido a hacer accesible su sitio web, de conformidad con el <strong><a href=\"https:\/\/www.boe.es\/diario_boe\/txt.php?id=BOE-A-2018-12699\">Real Decreto 1112\/2018, de 7 de septiembre, sobre accesibilidad de los sitios web y aplicaciones para dispositivos m\u00f3viles del sector p\u00fablico<\/a>, por el que se traspone la <a href=\"https:\/\/www.boe.es\/buscar\/doc.php?id=DOUE-L-2016-82305\">Directiva (UE) 2016\/2102<\/a><\/strong> del Parlamento Europeo y del Consejo, de 26 de octubre de 2016.<\/p>\n<p>La presente declaraci\u00f3n de accesibilidad se aplica sobre todas las p\u00e1ginas del dominio \u00ab<strong>alide-interpretes.com<\/strong>\u00ab, compuestas por la p\u00e1gina de inicio, las p\u00e1ginas de detalle de servicios y la p\u00e1gina de informaci\u00f3n sobre accesibilidad del sitio web.<\/p>\n<\/div>\n<div class=\"elementor-widget-container\">\n<p><strong><i>SITUACI\u00d3N DE CUMPLIMIENTO<\/i><\/strong><\/p>\n<p>Este sitio web est\u00e1 en proceso de la obtenci\u00f3n del cumplimiento, pero a\u00fan no es conforme con la normas de accesibilidad incluidas en el <strong>RD 1112\/2018<\/strong>.<\/p>\n<p><strong><i>CONTENIDO NO ACCESIBLE<\/i><\/strong><\/p>\n<p>Los contenidos ofrecidos en <strong>bioescuela.es<\/strong> son accesibles en base al punto anterior.<\/p>\n<p><strong><i>PREPARACI\u00d3N DE LA PRESENTE DECLARACI\u00d3N DE ACCESIBILIDAD<\/i><\/strong><\/p>\n<p>La presente declaraci\u00f3n fue preparada el 02 de Mayo de 2023.<\/p>\n<p>El m\u00e9todo empleado para preparar la declaraci\u00f3n ha sido una autoevaluaci\u00f3n llevada a cabo con las herramientas habilitadas en p\u00e1ginas oficiales y no oficiales.<\/p>\n<p>\u00daltima revisi\u00f3n de la declaraci\u00f3n: Mayo de 2023.<\/p>\n<p><strong><i>PROCEDIMIENTO DE APLICACI\u00d3N<\/i><\/strong><\/p>\n<p>Puede realizar comunicaciones sobre requisitos de accesibilidad (art\u00edculo 10.2.a) del RD 1112\/2018) como por ejemplo:<\/p>\n<ul>\n<li>Informar sobre cualquier posible incumplimiento por parte de este sitio web<\/li>\n<li>Transmitir otras dificultades de acceso al contenido<\/li>\n<li>Formular cualquier otra consulta o sugerencia de mejora relativa a la accesibilidad del sitio web<\/li>\n<\/ul>\n<p>Indicar en el \u00abAsunto\u00bb que se trata de \u201cAccesibilidad web o en aplicaciones para m\u00f3viles\u201d, a trav\u00e9s del formulario web de <a href=\"https:\/\/www.alide-interpretes.com\/contacto\/\"><strong>Contacto<\/strong><\/a>.<\/p>\n<p>Agradecemos de antemano su colaboraci\u00f3n, ya que redundar\u00e1 en la mejora del servicio que le prestamos.<\/p>\n<p>Las comunicaciones ser\u00e1n recibidas y tratadas por nuestro Servicio de Atenci\u00f3n al Cliente.<\/p>\n<p>La solicitud de informaci\u00f3n accesible y quejas (art\u00edculo 10.2b)) y las reclamaciones (art\u00edculo 13), del Real Decreto 1112\/2018, de 7 de septiembre, se tramitar\u00e1n a trav\u00e9s del formulario de <a href=\"https:\/\/www.alide-interpretes.com\/contacto\/\"><strong>contacto web<\/strong><\/a>.<\/p>\n<p><strong><i>CONTENIDO OPCIONAL<\/i><\/strong><\/p>\n<p>Este sitio web aplica los requisitos de la Norma UNE-EN 301549:2019 considerando las excepciones del RD 1112\/2018.<\/p>\n<p>La \u00faltima revisi\u00f3n de la accesibilidad se ha realizado en mayo de 2023.<\/p>\n<p>El sitio web est\u00e1 optimizado para los navegadores Microsoft Edge o versiones superiores y las \u00faltimas versiones vigentes de FireFox, Safari, Opera y Google Chrome. La resoluci\u00f3n web m\u00ednima recomendada es de 1280\u00d71024.<\/p>\n<p>El sitio web est\u00e1 dise\u00f1ado para su visualizaci\u00f3n Responsive, con lo que se visualiza de forma \u00f3ptima en los dispositivos tablet y m\u00f3viles. En estos dispositivos est\u00e1 optimizado para su visualizaci\u00f3n en las \u00faltimas versiones vigentes de Chrome for mobile, Firefox for mobile, Safari mobile, Opera Mini y navegador nativo de Android.<\/p>\n<\/div>\n<\/div>\n<\/div>\n<\/div>\n<\/div>\n<\/div>\n\t\t\t\t\t\t\t\t<\/div>\n\t\t\t\t<\/div>\n\t\t\t\t\t<\/div>\n\t\t<\/div>\n\t\t\t\t\t<\/div>\n\t\t<\/section>\n\t\t\t\t<\/div>\n\t\t","protected":false},"excerpt":{"rendered":"<p>Accesibility DECLARACI\u00d3N DE ACCESIBILIDAD alide-interpretes.com se ha comprometido a hacer accesible su sitio web, de conformidad con el Real Decreto [&hellip;]<\/p>\n","protected":false},"author":1,"featured_media":0,"parent":0,"menu_order":94,"comment_status":"closed","ping_status":"closed","template":"","meta":{"inline_featured_image":false,"site-sidebar-layout":"no-sidebar","site-content-layout":"page-builder","ast-site-content-layout":"default","site-content-style":"default","site-sidebar-style":"default","ast-global-header-display":"","ast-banner-title-visibility":"","ast-main-header-display":"","ast-hfb-above-header-display":"","ast-hfb-below-header-display":"","ast-hfb-mobile-header-display":"","site-post-title":"disabled","ast-breadcrumbs-content":"","ast-featured-img":"disabled","footer-sml-layout":"","ast-disable-related-posts":"","theme-transparent-header-meta":"","adv-header-id-meta":"","stick-header-meta":"","header-above-stick-meta":"","header-main-stick-meta":"","header-below-stick-meta":"","astra-migrate-meta-layouts":"default","ast-page-background-enabled":"default","ast-page-background-meta":{"desktop":{"background-color":"","background-image":"","background-repeat":"repeat","background-position":"center center","background-size":"auto","background-attachment":"scroll","background-type":"","background-media":"","overlay-type":"","overlay-color":"","overlay-opacity":"","overlay-gradient":""},"tablet":{"background-color":"","background-image":"","background-repeat":"repeat","background-position":"center center","background-size":"auto","background-attachment":"scroll","background-type":"","background-media":"","overlay-type":"","overlay-color":"","overlay-opacity":"","overlay-gradient":""},"mobile":{"background-color":"","background-image":"","background-repeat":"repeat","background-position":"center center","background-size":"auto","background-attachment":"scroll","background-type":"","background-media":"","overlay-type":"","overlay-color":"","overlay-opacity":"","overlay-gradient":""}},"ast-content-background-meta":{"desktop":{"background-color":"var(--ast-global-color-5)","background-image":"","background-repeat":"repeat","background-position":"center center","background-size":"auto","background-attachment":"scroll","background-type":"","background-media":"","overlay-type":"","overlay-color":"","overlay-opacity":"","overlay-gradient":""},"tablet":{"background-color":"var(--ast-global-color-5)","background-image":"","background-repeat":"repeat","background-position":"center center","background-size":"auto","background-attachment":"scroll","background-type":"","background-media":"","overlay-type":"","overlay-color":"","overlay-opacity":"","overlay-gradient":""},"mobile":{"background-color":"var(--ast-global-color-5)","background-image":"","background-repeat":"repeat","background-position":"center center","background-size":"auto","background-attachment":"scroll","background-type":"","background-media":"","overlay-type":"","overlay-color":"","overlay-opacity":"","overlay-gradient":""}},"_joinchat":[],"footnotes":""},"class_list":["post-2724","page","type-page","status-publish","hentry"],"yoast_head":"<!-- This site is optimized with the Yoast SEO plugin v27.3 - https:\/\/yoast.com\/product\/yoast-seo-wordpress\/ -->\n<title>Accesibility - Alide Int\u00e9rpretes<\/title>\n<meta name=\"robots\" content=\"index, follow, max-snippet:-1, max-image-preview:large, max-video-preview:-1\" \/>\n<link rel=\"canonical\" href=\"https:\/\/www.alide-interpretes.com\/en\/accesibility\/\" \/>\n<meta property=\"og:locale\" content=\"en_US\" \/>\n<meta property=\"og:type\" content=\"article\" \/>\n<meta property=\"og:title\" content=\"Accesibility - Alide Int\u00e9rpretes\" \/>\n<meta property=\"og:description\" content=\"Accesibility DECLARACI\u00d3N DE ACCESIBILIDAD alide-interpretes.com se ha comprometido a hacer accesible su sitio web, de conformidad con el Real Decreto [&hellip;]\" \/>\n<meta property=\"og:url\" content=\"https:\/\/www.alide-interpretes.com\/en\/accesibility\/\" \/>\n<meta property=\"og:site_name\" content=\"Alide Int\u00e9rpretes\" \/>\n<meta property=\"article:modified_time\" content=\"2023-04-27T11:14:01+00:00\" \/>\n<meta name=\"twitter:card\" content=\"summary_large_image\" \/>\n<meta name=\"twitter:label1\" content=\"Est. reading time\" \/>\n\t<meta name=\"twitter:data1\" content=\"2 minutes\" \/>\n<script type=\"application\/ld+json\" class=\"yoast-schema-graph\">{\"@context\":\"https:\\\/\\\/schema.org\",\"@graph\":[{\"@type\":\"WebPage\",\"@id\":\"https:\\\/\\\/www.alide-interpretes.com\\\/en\\\/accesibility\\\/\",\"url\":\"https:\\\/\\\/www.alide-interpretes.com\\\/en\\\/accesibility\\\/\",\"name\":\"Accesibility - Alide Int\u00e9rpretes\",\"isPartOf\":{\"@id\":\"https:\\\/\\\/www.alide-interpretes.com\\\/en\\\/#website\"},\"datePublished\":\"2023-04-26T12:05:55+00:00\",\"dateModified\":\"2023-04-27T11:14:01+00:00\",\"breadcrumb\":{\"@id\":\"https:\\\/\\\/www.alide-interpretes.com\\\/en\\\/accesibility\\\/#breadcrumb\"},\"inLanguage\":\"en-US\",\"potentialAction\":[{\"@type\":\"ReadAction\",\"target\":[\"https:\\\/\\\/www.alide-interpretes.com\\\/en\\\/accesibility\\\/\"]}]},{\"@type\":\"BreadcrumbList\",\"@id\":\"https:\\\/\\\/www.alide-interpretes.com\\\/en\\\/accesibility\\\/#breadcrumb\",\"itemListElement\":[{\"@type\":\"ListItem\",\"position\":1,\"name\":\"Portada\",\"item\":\"https:\\\/\\\/www.alide-interpretes.com\\\/en\\\/home\\\/\"},{\"@type\":\"ListItem\",\"position\":2,\"name\":\"Accesibility\"}]},{\"@type\":\"WebSite\",\"@id\":\"https:\\\/\\\/www.alide-interpretes.com\\\/en\\\/#website\",\"url\":\"https:\\\/\\\/www.alide-interpretes.com\\\/en\\\/\",\"name\":\"Alide Int\u00e9rpretes\",\"description\":\"Traducci\u00f3n jurada e interpretaci\u00f3n\",\"publisher\":{\"@id\":\"https:\\\/\\\/www.alide-interpretes.com\\\/en\\\/#organization\"},\"alternateName\":\"Alide\",\"potentialAction\":[{\"@type\":\"SearchAction\",\"target\":{\"@type\":\"EntryPoint\",\"urlTemplate\":\"https:\\\/\\\/www.alide-interpretes.com\\\/en\\\/?s={search_term_string}\"},\"query-input\":{\"@type\":\"PropertyValueSpecification\",\"valueRequired\":true,\"valueName\":\"search_term_string\"}}],\"inLanguage\":\"en-US\"},{\"@type\":\"Organization\",\"@id\":\"https:\\\/\\\/www.alide-interpretes.com\\\/en\\\/#organization\",\"name\":\"Alide Int\u00e9rpretes\",\"alternateName\":\"Alide\",\"url\":\"https:\\\/\\\/www.alide-interpretes.com\\\/en\\\/\",\"logo\":{\"@type\":\"ImageObject\",\"inLanguage\":\"en-US\",\"@id\":\"https:\\\/\\\/www.alide-interpretes.com\\\/en\\\/#\\\/schema\\\/logo\\\/image\\\/\",\"url\":\"https:\\\/\\\/www.alide-interpretes.com\\\/wp-content\\\/uploads\\\/2023\\\/04\\\/alide-logo-v2.svg\",\"contentUrl\":\"https:\\\/\\\/www.alide-interpretes.com\\\/wp-content\\\/uploads\\\/2023\\\/04\\\/alide-logo-v2.svg\",\"width\":403,\"height\":97,\"caption\":\"Alide Int\u00e9rpretes\"},\"image\":{\"@id\":\"https:\\\/\\\/www.alide-interpretes.com\\\/en\\\/#\\\/schema\\\/logo\\\/image\\\/\"}}]}<\/script>\n<!-- \/ Yoast SEO plugin. -->","yoast_head_json":{"title":"Accesibility - Alide Int\u00e9rpretes","robots":{"index":"index","follow":"follow","max-snippet":"max-snippet:-1","max-image-preview":"max-image-preview:large","max-video-preview":"max-video-preview:-1"},"canonical":"https:\/\/www.alide-interpretes.com\/en\/accesibility\/","og_locale":"en_US","og_type":"article","og_title":"Accesibility - Alide Int\u00e9rpretes","og_description":"Accesibility DECLARACI\u00d3N DE ACCESIBILIDAD alide-interpretes.com se ha comprometido a hacer accesible su sitio web, de conformidad con el Real Decreto [&hellip;]","og_url":"https:\/\/www.alide-interpretes.com\/en\/accesibility\/","og_site_name":"Alide Int\u00e9rpretes","article_modified_time":"2023-04-27T11:14:01+00:00","twitter_card":"summary_large_image","twitter_misc":{"Est. reading time":"2 minutes"},"schema":{"@context":"https:\/\/schema.org","@graph":[{"@type":"WebPage","@id":"https:\/\/www.alide-interpretes.com\/en\/accesibility\/","url":"https:\/\/www.alide-interpretes.com\/en\/accesibility\/","name":"Accesibility - Alide Int\u00e9rpretes","isPartOf":{"@id":"https:\/\/www.alide-interpretes.com\/en\/#website"},"datePublished":"2023-04-26T12:05:55+00:00","dateModified":"2023-04-27T11:14:01+00:00","breadcrumb":{"@id":"https:\/\/www.alide-interpretes.com\/en\/accesibility\/#breadcrumb"},"inLanguage":"en-US","potentialAction":[{"@type":"ReadAction","target":["https:\/\/www.alide-interpretes.com\/en\/accesibility\/"]}]},{"@type":"BreadcrumbList","@id":"https:\/\/www.alide-interpretes.com\/en\/accesibility\/#breadcrumb","itemListElement":[{"@type":"ListItem","position":1,"name":"Portada","item":"https:\/\/www.alide-interpretes.com\/en\/home\/"},{"@type":"ListItem","position":2,"name":"Accesibility"}]},{"@type":"WebSite","@id":"https:\/\/www.alide-interpretes.com\/en\/#website","url":"https:\/\/www.alide-interpretes.com\/en\/","name":"Alide Int\u00e9rpretes","description":"Traducci\u00f3n jurada e interpretaci\u00f3n","publisher":{"@id":"https:\/\/www.alide-interpretes.com\/en\/#organization"},"alternateName":"Alide","potentialAction":[{"@type":"SearchAction","target":{"@type":"EntryPoint","urlTemplate":"https:\/\/www.alide-interpretes.com\/en\/?s={search_term_string}"},"query-input":{"@type":"PropertyValueSpecification","valueRequired":true,"valueName":"search_term_string"}}],"inLanguage":"en-US"},{"@type":"Organization","@id":"https:\/\/www.alide-interpretes.com\/en\/#organization","name":"Alide Int\u00e9rpretes","alternateName":"Alide","url":"https:\/\/www.alide-interpretes.com\/en\/","logo":{"@type":"ImageObject","inLanguage":"en-US","@id":"https:\/\/www.alide-interpretes.com\/en\/#\/schema\/logo\/image\/","url":"https:\/\/www.alide-interpretes.com\/wp-content\/uploads\/2023\/04\/alide-logo-v2.svg","contentUrl":"https:\/\/www.alide-interpretes.com\/wp-content\/uploads\/2023\/04\/alide-logo-v2.svg","width":403,"height":97,"caption":"Alide Int\u00e9rpretes"},"image":{"@id":"https:\/\/www.alide-interpretes.com\/en\/#\/schema\/logo\/image\/"}}]}},"_links":{"self":[{"href":"https:\/\/www.alide-interpretes.com\/en\/wp-json\/wp\/v2\/pages\/2724","targetHints":{"allow":["GET"]}}],"collection":[{"href":"https:\/\/www.alide-interpretes.com\/en\/wp-json\/wp\/v2\/pages"}],"about":[{"href":"https:\/\/www.alide-interpretes.com\/en\/wp-json\/wp\/v2\/types\/page"}],"author":[{"embeddable":true,"href":"https:\/\/www.alide-interpretes.com\/en\/wp-json\/wp\/v2\/users\/1"}],"replies":[{"embeddable":true,"href":"https:\/\/www.alide-interpretes.com\/en\/wp-json\/wp\/v2\/comments?post=2724"}],"version-history":[{"count":0,"href":"https:\/\/www.alide-interpretes.com\/en\/wp-json\/wp\/v2\/pages\/2724\/revisions"}],"wp:attachment":[{"href":"https:\/\/www.alide-interpretes.com\/en\/wp-json\/wp\/v2\/media?parent=2724"}],"curies":[{"name":"wp","href":"https:\/\/api.w.org\/{rel}","templated":true}]}}