{"id":2672,"date":"2023-04-26T12:32:38","date_gmt":"2023-04-26T10:32:38","guid":{"rendered":"https:\/\/www.alide-interpretes.com\/agence-de-traduction\/"},"modified":"2023-06-30T10:25:40","modified_gmt":"2023-06-30T08:25:40","slug":"agence-de-traduction","status":"publish","type":"page","link":"https:\/\/www.alide-interpretes.com\/fr\/agence-de-traduction\/","title":{"rendered":"Agence de traduction"},"content":{"rendered":"\t\t<div data-elementor-type=\"wp-page\" data-elementor-id=\"2672\" class=\"elementor elementor-2672 elementor-2144\" data-elementor-post-type=\"page\">\n\t\t\t\t\t\t<section class=\"elementor-section elementor-top-section elementor-element elementor-element-2978d2d elementor-section-height-min-height elementor-section-boxed elementor-section-height-default elementor-section-items-middle\" data-id=\"2978d2d\" data-element_type=\"section\" data-e-type=\"section\" data-settings=\"{&quot;background_background&quot;:&quot;classic&quot;}\">\n\t\t\t\t\t\t<div class=\"elementor-container elementor-column-gap-default\">\n\t\t\t\t\t<div class=\"elementor-column elementor-col-50 elementor-top-column elementor-element elementor-element-cf3da8d\" data-id=\"cf3da8d\" data-element_type=\"column\" data-e-type=\"column\">\n\t\t\t<div class=\"elementor-widget-wrap elementor-element-populated\">\n\t\t\t\t\t\t<div class=\"elementor-element elementor-element-62c50f0 elementor-widget elementor-widget-heading\" data-id=\"62c50f0\" data-element_type=\"widget\" data-e-type=\"widget\" data-widget_type=\"heading.default\">\n\t\t\t\t<div class=\"elementor-widget-container\">\n\t\t\t\t\t<h1 class=\"elementor-heading-title elementor-size-default\">Agence de traduction<\/h1>\t\t\t\t<\/div>\n\t\t\t\t<\/div>\n\t\t\t\t\t<\/div>\n\t\t<\/div>\n\t\t\t\t<div class=\"elementor-column elementor-col-50 elementor-top-column elementor-element elementor-element-17e8ccc\" data-id=\"17e8ccc\" data-element_type=\"column\" data-e-type=\"column\">\n\t\t\t<div class=\"elementor-widget-wrap\">\n\t\t\t\t\t\t\t<\/div>\n\t\t<\/div>\n\t\t\t\t\t<\/div>\n\t\t<\/section>\n\t\t\t\t<section class=\"elementor-section elementor-top-section elementor-element elementor-element-59a287a elementor-section-content-middle elementor-reverse-mobile elementor-section-boxed elementor-section-height-default elementor-section-height-default\" data-id=\"59a287a\" data-element_type=\"section\" data-e-type=\"section\" data-settings=\"{&quot;background_background&quot;:&quot;classic&quot;}\">\n\t\t\t\t\t\t<div class=\"elementor-container elementor-column-gap-wide\">\n\t\t\t\t\t<div class=\"elementor-column elementor-col-50 elementor-top-column elementor-element elementor-element-2aa86c0\" data-id=\"2aa86c0\" data-element_type=\"column\" data-e-type=\"column\">\n\t\t\t<div class=\"elementor-widget-wrap elementor-element-populated\">\n\t\t\t\t\t\t<div class=\"elementor-element elementor-element-3e5a08a elementor-widget elementor-widget-text-editor\" data-id=\"3e5a08a\" data-element_type=\"widget\" data-e-type=\"widget\" data-widget_type=\"text-editor.default\">\n\t\t\t\t<div class=\"elementor-widget-container\">\n\t\t\t\t\t\t\t\t\t<p>Entreprise sp\u00e9cialis\u00e9e dans la traduction avec le certificat l\u00e9gal pour les documents officiels qui propose un service int\u00e9gral incluant le conseil, la gestion de documents et la qualit\u00e9 maximale de traduction asserment\u00e9e.<\/p>\n\t\t\t\t\t\t\t\t<\/div>\n\t\t\t\t<\/div>\n\t\t\t\t<div class=\"elementor-element elementor-element-2d77482 elementor-widget elementor-widget-text-editor\" data-id=\"2d77482\" data-element_type=\"widget\" data-e-type=\"widget\" data-widget_type=\"text-editor.default\">\n\t\t\t\t<div class=\"elementor-widget-container\">\n\t\t\t\t\t\t\t\t\t<p>Notre \u00e9quipe est compos\u00e9e de traducteurs professionnels qui traduisent des documents originaux avec une grande pr\u00e9cision et fid\u00e9lit\u00e9.<\/p>\n\t\t\t\t\t\t\t\t<\/div>\n\t\t\t\t<\/div>\n\t\t\t\t\t<\/div>\n\t\t<\/div>\n\t\t\t\t<div class=\"elementor-column elementor-col-50 elementor-top-column elementor-element elementor-element-6c2580b\" data-id=\"6c2580b\" data-element_type=\"column\" data-e-type=\"column\">\n\t\t\t<div class=\"elementor-widget-wrap elementor-element-populated\">\n\t\t\t\t\t\t<div class=\"elementor-element elementor-element-d27fe6d elementor-invisible elementor-widget elementor-widget-image\" data-id=\"d27fe6d\" data-element_type=\"widget\" data-e-type=\"widget\" data-settings=\"{&quot;_animation&quot;:&quot;fadeIn&quot;}\" data-widget_type=\"image.default\">\n\t\t\t\t<div class=\"elementor-widget-container\">\n\t\t\t\t\t\t\t\t\t\t\t\t\t\t\t<img fetchpriority=\"high\" decoding=\"async\" width=\"400\" height=\"330\" src=\"https:\/\/www.alide-interpretes.com\/wp-content\/uploads\/2023\/04\/graphic2.png\" class=\"attachment-full size-full wp-image-2580\" alt=\"segundo icono de Alide\" srcset=\"https:\/\/www.alide-interpretes.com\/wp-content\/uploads\/2023\/04\/graphic2.png 400w, https:\/\/www.alide-interpretes.com\/wp-content\/uploads\/2023\/04\/graphic2-300x248.png 300w\" sizes=\"(max-width: 400px) 100vw, 400px\" \/>\t\t\t\t\t\t\t\t\t\t\t\t\t\t\t<\/div>\n\t\t\t\t<\/div>\n\t\t\t\t\t<\/div>\n\t\t<\/div>\n\t\t\t\t\t<\/div>\n\t\t<\/section>\n\t\t\t\t<section class=\"elementor-section elementor-top-section elementor-element elementor-element-9e50be5 elementor-section-content-middle elementor-section-boxed elementor-section-height-default elementor-section-height-default\" data-id=\"9e50be5\" data-element_type=\"section\" data-e-type=\"section\" data-settings=\"{&quot;background_background&quot;:&quot;classic&quot;}\">\n\t\t\t\t\t\t<div class=\"elementor-container elementor-column-gap-wide\">\n\t\t\t\t\t<div class=\"elementor-column elementor-col-50 elementor-top-column elementor-element elementor-element-9623db5\" data-id=\"9623db5\" data-element_type=\"column\" data-e-type=\"column\">\n\t\t\t<div class=\"elementor-widget-wrap elementor-element-populated\">\n\t\t\t\t\t\t<div class=\"elementor-element elementor-element-bb8466c elementor-invisible elementor-widget elementor-widget-image\" data-id=\"bb8466c\" data-element_type=\"widget\" data-e-type=\"widget\" data-settings=\"{&quot;_animation&quot;:&quot;fadeIn&quot;,&quot;_animation_delay&quot;:300}\" data-widget_type=\"image.default\">\n\t\t\t\t<div class=\"elementor-widget-container\">\n\t\t\t\t\t\t\t\t\t\t\t\t\t\t\t<img decoding=\"async\" width=\"400\" height=\"330\" src=\"https:\/\/www.alide-interpretes.com\/wp-content\/uploads\/2023\/04\/graphic1.png\" class=\"attachment-full size-full wp-image-2582\" alt=\"icono para Alide\" srcset=\"https:\/\/www.alide-interpretes.com\/wp-content\/uploads\/2023\/04\/graphic1.png 400w, https:\/\/www.alide-interpretes.com\/wp-content\/uploads\/2023\/04\/graphic1-300x248.png 300w\" sizes=\"(max-width: 400px) 100vw, 400px\" \/>\t\t\t\t\t\t\t\t\t\t\t\t\t\t\t<\/div>\n\t\t\t\t<\/div>\n\t\t\t\t\t<\/div>\n\t\t<\/div>\n\t\t\t\t<div class=\"elementor-column elementor-col-50 elementor-top-column elementor-element elementor-element-4f48a35\" data-id=\"4f48a35\" data-element_type=\"column\" data-e-type=\"column\">\n\t\t\t<div class=\"elementor-widget-wrap elementor-element-populated\">\n\t\t\t\t\t\t<div class=\"elementor-element elementor-element-73e334e elementor-widget elementor-widget-text-editor\" data-id=\"73e334e\" data-element_type=\"widget\" data-e-type=\"widget\" data-widget_type=\"text-editor.default\">\n\t\t\t\t<div class=\"elementor-widget-container\">\n\t\t\t\t\t\t\t\t\t<p>Dot\u00e9s d\u2019une grande sp\u00e9cialisation dans diverses aires th\u00e9matiques, nous proposons un service de qualit\u00e9 et de pr\u00e9cision, garantissant ainsi que les documents traduits soient accept\u00e9s aupr\u00e8s des entit\u00e9s publiques et priv\u00e9es correspondantes.<\/p>\n\t\t\t\t\t\t\t\t<\/div>\n\t\t\t\t<\/div>\n\t\t\t\t<div class=\"elementor-element elementor-element-4813446 elementor-widget elementor-widget-text-editor\" data-id=\"4813446\" data-element_type=\"widget\" data-e-type=\"widget\" data-widget_type=\"text-editor.default\">\n\t\t\t\t<div class=\"elementor-widget-container\">\n\t\t\t\t\t\t\t\t\t<p>Nous proposons \u00e9galement un service de conseil et de gestion de documents \u00e0 nos clients, et nous les aidons \u00e0 comprendre les exigences l\u00e9gales et formelles n\u00e9cessaires pour pr\u00e9senter les documents aupr\u00e8s des organismes officiels.<\/p>\n\t\t\t\t\t\t\t\t<\/div>\n\t\t\t\t<\/div>\n\t\t\t\t\t<\/div>\n\t\t<\/div>\n\t\t\t\t\t<\/div>\n\t\t<\/section>\n\t\t\t\t<\/div>\n\t\t","protected":false},"excerpt":{"rendered":"<p>Agence de traduction Entreprise sp\u00e9cialis\u00e9e dans la traduction avec le certificat l\u00e9gal pour les documents officiels qui propose un service [&hellip;]<\/p>\n","protected":false},"author":1,"featured_media":0,"parent":0,"menu_order":2,"comment_status":"closed","ping_status":"closed","template":"","meta":{"inline_featured_image":false,"site-sidebar-layout":"no-sidebar","site-content-layout":"page-builder","ast-site-content-layout":"default","site-content-style":"default","site-sidebar-style":"default","ast-global-header-display":"","ast-banner-title-visibility":"","ast-main-header-display":"","ast-hfb-above-header-display":"","ast-hfb-below-header-display":"","ast-hfb-mobile-header-display":"","site-post-title":"disabled","ast-breadcrumbs-content":"","ast-featured-img":"disabled","footer-sml-layout":"","ast-disable-related-posts":"","theme-transparent-header-meta":"","adv-header-id-meta":"","stick-header-meta":"","header-above-stick-meta":"","header-main-stick-meta":"","header-below-stick-meta":"","astra-migrate-meta-layouts":"default","ast-page-background-enabled":"default","ast-page-background-meta":{"desktop":{"background-color":"","background-image":"","background-repeat":"repeat","background-position":"center center","background-size":"auto","background-attachment":"scroll","background-type":"","background-media":"","overlay-type":"","overlay-color":"","overlay-opacity":"","overlay-gradient":""},"tablet":{"background-color":"","background-image":"","background-repeat":"repeat","background-position":"center center","background-size":"auto","background-attachment":"scroll","background-type":"","background-media":"","overlay-type":"","overlay-color":"","overlay-opacity":"","overlay-gradient":""},"mobile":{"background-color":"","background-image":"","background-repeat":"repeat","background-position":"center center","background-size":"auto","background-attachment":"scroll","background-type":"","background-media":"","overlay-type":"","overlay-color":"","overlay-opacity":"","overlay-gradient":""}},"ast-content-background-meta":{"desktop":{"background-color":"var(--ast-global-color-5)","background-image":"","background-repeat":"repeat","background-position":"center center","background-size":"auto","background-attachment":"scroll","background-type":"","background-media":"","overlay-type":"","overlay-color":"","overlay-opacity":"","overlay-gradient":""},"tablet":{"background-color":"var(--ast-global-color-5)","background-image":"","background-repeat":"repeat","background-position":"center center","background-size":"auto","background-attachment":"scroll","background-type":"","background-media":"","overlay-type":"","overlay-color":"","overlay-opacity":"","overlay-gradient":""},"mobile":{"background-color":"var(--ast-global-color-5)","background-image":"","background-repeat":"repeat","background-position":"center center","background-size":"auto","background-attachment":"scroll","background-type":"","background-media":"","overlay-type":"","overlay-color":"","overlay-opacity":"","overlay-gradient":""}},"_joinchat":[],"footnotes":""},"class_list":["post-2672","page","type-page","status-publish","hentry"],"yoast_head":"<!-- This site is optimized with the Yoast SEO plugin v27.3 - https:\/\/yoast.com\/product\/yoast-seo-wordpress\/ -->\n<title>Agence de traduction - Alide Int\u00e9rpretes<\/title>\n<meta name=\"description\" content=\"Entreprise sp\u00e9cialis\u00e9e dans la traduction avec le certificat l\u00e9gal pour les documents officiels qui propose un service int\u00e9gral incluant le conseil, la gestion de documents et la qualit\u00e9 maximale de traduction asserment\u00e9e.\" \/>\n<meta name=\"robots\" content=\"index, follow, max-snippet:-1, max-image-preview:large, max-video-preview:-1\" \/>\n<link rel=\"canonical\" href=\"https:\/\/www.alide-interpretes.com\/fr\/agence-de-traduction\/\" \/>\n<meta property=\"og:locale\" content=\"fr_FR\" \/>\n<meta property=\"og:type\" content=\"article\" \/>\n<meta property=\"og:title\" content=\"Agence de traduction - Alide Int\u00e9rpretes\" \/>\n<meta property=\"og:description\" content=\"Entreprise sp\u00e9cialis\u00e9e dans la traduction avec le certificat l\u00e9gal pour les documents officiels qui propose un service int\u00e9gral incluant le conseil, la gestion de documents et la qualit\u00e9 maximale de traduction asserment\u00e9e.\" \/>\n<meta property=\"og:url\" content=\"https:\/\/www.alide-interpretes.com\/fr\/agence-de-traduction\/\" \/>\n<meta property=\"og:site_name\" content=\"Alide Int\u00e9rpretes\" \/>\n<meta property=\"article:modified_time\" content=\"2023-06-30T08:25:40+00:00\" \/>\n<meta property=\"og:image\" content=\"https:\/\/www.alide-interpretes.com\/wp-content\/uploads\/2023\/04\/graphic2.png\" \/>\n<meta name=\"twitter:card\" content=\"summary_large_image\" \/>\n<meta name=\"twitter:label1\" content=\"Dur\u00e9e de lecture estim\u00e9e\" \/>\n\t<meta name=\"twitter:data1\" content=\"1 minute\" \/>\n<script type=\"application\/ld+json\" class=\"yoast-schema-graph\">{\"@context\":\"https:\\\/\\\/schema.org\",\"@graph\":[{\"@type\":\"WebPage\",\"@id\":\"https:\\\/\\\/www.alide-interpretes.com\\\/fr\\\/agence-de-traduction\\\/\",\"url\":\"https:\\\/\\\/www.alide-interpretes.com\\\/fr\\\/agence-de-traduction\\\/\",\"name\":\"Agence de traduction - Alide Int\u00e9rpretes\",\"isPartOf\":{\"@id\":\"https:\\\/\\\/www.alide-interpretes.com\\\/fr\\\/#website\"},\"primaryImageOfPage\":{\"@id\":\"https:\\\/\\\/www.alide-interpretes.com\\\/fr\\\/agence-de-traduction\\\/#primaryimage\"},\"image\":{\"@id\":\"https:\\\/\\\/www.alide-interpretes.com\\\/fr\\\/agence-de-traduction\\\/#primaryimage\"},\"thumbnailUrl\":\"https:\\\/\\\/www.alide-interpretes.com\\\/wp-content\\\/uploads\\\/2023\\\/04\\\/graphic2.png\",\"datePublished\":\"2023-04-26T10:32:38+00:00\",\"dateModified\":\"2023-06-30T08:25:40+00:00\",\"description\":\"Entreprise sp\u00e9cialis\u00e9e dans la traduction avec le certificat l\u00e9gal pour les documents officiels qui propose un service int\u00e9gral incluant le conseil, la gestion de documents et la qualit\u00e9 maximale de traduction asserment\u00e9e.\",\"breadcrumb\":{\"@id\":\"https:\\\/\\\/www.alide-interpretes.com\\\/fr\\\/agence-de-traduction\\\/#breadcrumb\"},\"inLanguage\":\"fr-FR\",\"potentialAction\":[{\"@type\":\"ReadAction\",\"target\":[\"https:\\\/\\\/www.alide-interpretes.com\\\/fr\\\/agence-de-traduction\\\/\"]}]},{\"@type\":\"ImageObject\",\"inLanguage\":\"fr-FR\",\"@id\":\"https:\\\/\\\/www.alide-interpretes.com\\\/fr\\\/agence-de-traduction\\\/#primaryimage\",\"url\":\"https:\\\/\\\/www.alide-interpretes.com\\\/wp-content\\\/uploads\\\/2023\\\/04\\\/graphic2.png\",\"contentUrl\":\"https:\\\/\\\/www.alide-interpretes.com\\\/wp-content\\\/uploads\\\/2023\\\/04\\\/graphic2.png\"},{\"@type\":\"BreadcrumbList\",\"@id\":\"https:\\\/\\\/www.alide-interpretes.com\\\/fr\\\/agence-de-traduction\\\/#breadcrumb\",\"itemListElement\":[{\"@type\":\"ListItem\",\"position\":1,\"name\":\"Portada\",\"item\":\"https:\\\/\\\/www.alide-interpretes.com\\\/fr\\\/home\\\/\"},{\"@type\":\"ListItem\",\"position\":2,\"name\":\"Agence de traduction\"}]},{\"@type\":\"WebSite\",\"@id\":\"https:\\\/\\\/www.alide-interpretes.com\\\/fr\\\/#website\",\"url\":\"https:\\\/\\\/www.alide-interpretes.com\\\/fr\\\/\",\"name\":\"Alide Int\u00e9rpretes\",\"description\":\"Traducci\u00f3n jurada e interpretaci\u00f3n\",\"publisher\":{\"@id\":\"https:\\\/\\\/www.alide-interpretes.com\\\/fr\\\/#organization\"},\"alternateName\":\"Alide\",\"potentialAction\":[{\"@type\":\"SearchAction\",\"target\":{\"@type\":\"EntryPoint\",\"urlTemplate\":\"https:\\\/\\\/www.alide-interpretes.com\\\/fr\\\/?s={search_term_string}\"},\"query-input\":{\"@type\":\"PropertyValueSpecification\",\"valueRequired\":true,\"valueName\":\"search_term_string\"}}],\"inLanguage\":\"fr-FR\"},{\"@type\":\"Organization\",\"@id\":\"https:\\\/\\\/www.alide-interpretes.com\\\/fr\\\/#organization\",\"name\":\"Alide Int\u00e9rpretes\",\"alternateName\":\"Alide\",\"url\":\"https:\\\/\\\/www.alide-interpretes.com\\\/fr\\\/\",\"logo\":{\"@type\":\"ImageObject\",\"inLanguage\":\"fr-FR\",\"@id\":\"https:\\\/\\\/www.alide-interpretes.com\\\/fr\\\/#\\\/schema\\\/logo\\\/image\\\/\",\"url\":\"https:\\\/\\\/www.alide-interpretes.com\\\/wp-content\\\/uploads\\\/2023\\\/04\\\/alide-logo-v2.svg\",\"contentUrl\":\"https:\\\/\\\/www.alide-interpretes.com\\\/wp-content\\\/uploads\\\/2023\\\/04\\\/alide-logo-v2.svg\",\"width\":403,\"height\":97,\"caption\":\"Alide Int\u00e9rpretes\"},\"image\":{\"@id\":\"https:\\\/\\\/www.alide-interpretes.com\\\/fr\\\/#\\\/schema\\\/logo\\\/image\\\/\"}}]}<\/script>\n<!-- \/ Yoast SEO plugin. -->","yoast_head_json":{"title":"Agence de traduction - Alide Int\u00e9rpretes","description":"Entreprise sp\u00e9cialis\u00e9e dans la traduction avec le certificat l\u00e9gal pour les documents officiels qui propose un service int\u00e9gral incluant le conseil, la gestion de documents et la qualit\u00e9 maximale de traduction asserment\u00e9e.","robots":{"index":"index","follow":"follow","max-snippet":"max-snippet:-1","max-image-preview":"max-image-preview:large","max-video-preview":"max-video-preview:-1"},"canonical":"https:\/\/www.alide-interpretes.com\/fr\/agence-de-traduction\/","og_locale":"fr_FR","og_type":"article","og_title":"Agence de traduction - Alide Int\u00e9rpretes","og_description":"Entreprise sp\u00e9cialis\u00e9e dans la traduction avec le certificat l\u00e9gal pour les documents officiels qui propose un service int\u00e9gral incluant le conseil, la gestion de documents et la qualit\u00e9 maximale de traduction asserment\u00e9e.","og_url":"https:\/\/www.alide-interpretes.com\/fr\/agence-de-traduction\/","og_site_name":"Alide Int\u00e9rpretes","article_modified_time":"2023-06-30T08:25:40+00:00","og_image":[{"url":"https:\/\/www.alide-interpretes.com\/wp-content\/uploads\/2023\/04\/graphic2.png","type":"","width":"","height":""}],"twitter_card":"summary_large_image","twitter_misc":{"Dur\u00e9e de lecture estim\u00e9e":"1 minute"},"schema":{"@context":"https:\/\/schema.org","@graph":[{"@type":"WebPage","@id":"https:\/\/www.alide-interpretes.com\/fr\/agence-de-traduction\/","url":"https:\/\/www.alide-interpretes.com\/fr\/agence-de-traduction\/","name":"Agence de traduction - Alide Int\u00e9rpretes","isPartOf":{"@id":"https:\/\/www.alide-interpretes.com\/fr\/#website"},"primaryImageOfPage":{"@id":"https:\/\/www.alide-interpretes.com\/fr\/agence-de-traduction\/#primaryimage"},"image":{"@id":"https:\/\/www.alide-interpretes.com\/fr\/agence-de-traduction\/#primaryimage"},"thumbnailUrl":"https:\/\/www.alide-interpretes.com\/wp-content\/uploads\/2023\/04\/graphic2.png","datePublished":"2023-04-26T10:32:38+00:00","dateModified":"2023-06-30T08:25:40+00:00","description":"Entreprise sp\u00e9cialis\u00e9e dans la traduction avec le certificat l\u00e9gal pour les documents officiels qui propose un service int\u00e9gral incluant le conseil, la gestion de documents et la qualit\u00e9 maximale de traduction asserment\u00e9e.","breadcrumb":{"@id":"https:\/\/www.alide-interpretes.com\/fr\/agence-de-traduction\/#breadcrumb"},"inLanguage":"fr-FR","potentialAction":[{"@type":"ReadAction","target":["https:\/\/www.alide-interpretes.com\/fr\/agence-de-traduction\/"]}]},{"@type":"ImageObject","inLanguage":"fr-FR","@id":"https:\/\/www.alide-interpretes.com\/fr\/agence-de-traduction\/#primaryimage","url":"https:\/\/www.alide-interpretes.com\/wp-content\/uploads\/2023\/04\/graphic2.png","contentUrl":"https:\/\/www.alide-interpretes.com\/wp-content\/uploads\/2023\/04\/graphic2.png"},{"@type":"BreadcrumbList","@id":"https:\/\/www.alide-interpretes.com\/fr\/agence-de-traduction\/#breadcrumb","itemListElement":[{"@type":"ListItem","position":1,"name":"Portada","item":"https:\/\/www.alide-interpretes.com\/fr\/home\/"},{"@type":"ListItem","position":2,"name":"Agence de traduction"}]},{"@type":"WebSite","@id":"https:\/\/www.alide-interpretes.com\/fr\/#website","url":"https:\/\/www.alide-interpretes.com\/fr\/","name":"Alide Int\u00e9rpretes","description":"Traducci\u00f3n jurada e interpretaci\u00f3n","publisher":{"@id":"https:\/\/www.alide-interpretes.com\/fr\/#organization"},"alternateName":"Alide","potentialAction":[{"@type":"SearchAction","target":{"@type":"EntryPoint","urlTemplate":"https:\/\/www.alide-interpretes.com\/fr\/?s={search_term_string}"},"query-input":{"@type":"PropertyValueSpecification","valueRequired":true,"valueName":"search_term_string"}}],"inLanguage":"fr-FR"},{"@type":"Organization","@id":"https:\/\/www.alide-interpretes.com\/fr\/#organization","name":"Alide Int\u00e9rpretes","alternateName":"Alide","url":"https:\/\/www.alide-interpretes.com\/fr\/","logo":{"@type":"ImageObject","inLanguage":"fr-FR","@id":"https:\/\/www.alide-interpretes.com\/fr\/#\/schema\/logo\/image\/","url":"https:\/\/www.alide-interpretes.com\/wp-content\/uploads\/2023\/04\/alide-logo-v2.svg","contentUrl":"https:\/\/www.alide-interpretes.com\/wp-content\/uploads\/2023\/04\/alide-logo-v2.svg","width":403,"height":97,"caption":"Alide Int\u00e9rpretes"},"image":{"@id":"https:\/\/www.alide-interpretes.com\/fr\/#\/schema\/logo\/image\/"}}]}},"_links":{"self":[{"href":"https:\/\/www.alide-interpretes.com\/fr\/wp-json\/wp\/v2\/pages\/2672","targetHints":{"allow":["GET"]}}],"collection":[{"href":"https:\/\/www.alide-interpretes.com\/fr\/wp-json\/wp\/v2\/pages"}],"about":[{"href":"https:\/\/www.alide-interpretes.com\/fr\/wp-json\/wp\/v2\/types\/page"}],"author":[{"embeddable":true,"href":"https:\/\/www.alide-interpretes.com\/fr\/wp-json\/wp\/v2\/users\/1"}],"replies":[{"embeddable":true,"href":"https:\/\/www.alide-interpretes.com\/fr\/wp-json\/wp\/v2\/comments?post=2672"}],"version-history":[{"count":4,"href":"https:\/\/www.alide-interpretes.com\/fr\/wp-json\/wp\/v2\/pages\/2672\/revisions"}],"predecessor-version":[{"id":3059,"href":"https:\/\/www.alide-interpretes.com\/fr\/wp-json\/wp\/v2\/pages\/2672\/revisions\/3059"}],"wp:attachment":[{"href":"https:\/\/www.alide-interpretes.com\/fr\/wp-json\/wp\/v2\/media?parent=2672"}],"curies":[{"name":"wp","href":"https:\/\/api.w.org\/{rel}","templated":true}]}}